{"id":9940,"date":"2023-03-09T14:59:38","date_gmt":"2023-03-09T12:59:38","guid":{"rendered":"https:\/\/viksel.com\/product\/set-of-samples-x-series\/"},"modified":"2023-12-16T13:56:44","modified_gmt":"2023-12-16T11:56:44","slug":"set-of-samples-x-series","status":"publish","type":"product","link":"https:\/\/viksel.com\/sl\/izdelek\/set-of-samples-x-series\/","title":{"rendered":"Komplet vzorcev serije X"},"content":{"rendered":"<div>Predstavljamo komplet vzorcev parfumov VL X do VL XX Collection, razko\u0161en komplet 10 razli\u010dnih di\u0161av, s katerimi lahko odkrijete svoj zna\u010dilen vonj ali preizkusite nove di\u0161ave, ne da bi se odlo\u010dili za stekleni\u010dko v polni velikosti. Vsaka stekleni\u010dka z vzorcem vsebuje 3 ml visokokakovostne di\u0161ave, kar zagotavlja dovolj razpr\u0161ilcev za preizku\u0161anje in u\u017eivanje.<\/div>\n<div><\/div>\n<div>Kolekcija VL X do VL XX vsebuje razli\u010dne vonje, od sve\u017eih in cvetli\u010dnih do za\u010dinjenih in lesnih, kar zagotavlja, da bo vsakdo na\u0161el nekaj zase. Ne glede na to, ali imate raje klasi\u010dne di\u0161ave ali \u017eelite eksperimentirati z bolj edinstvenimi di\u0161avami, vas ta komplet pokriva.<\/div>\n<div><\/div>\n<div>Vzorci parfumov so skrbno izbrani, tako da zagotavljajo \u010dutno potovanje, saj vsak vonj predstavlja druga\u010dno razpolo\u017eenje ali prilo\u017enost. Od sve\u017eega in po\u017eivljajo\u010dega vonja VL X do duhovitega in prefinjenega VL XX &#8211; v tej zbirki boste na\u0161li di\u0161avo za vsako razpolo\u017eenje in trenutek.<\/div>\n<div><\/div>\n<div>Komplet vzorcev parfumov iz kolekcije VL X do VL XX je odli\u010den za darila ali razvajanje, saj je razko\u0161en in prakti\u010den na\u010din za spoznavanje vrste visokokakovostnih di\u0161av. Odkrijte svojo novo zna\u010dilno di\u0161avo \u0161e danes.<\/div>\n","protected":false},"excerpt":{"rendered":"<p>Promocijski komplet vzorcev parfumov 10 razli\u010dnih vonjev 3 ml Kolekcija Series X<\/p>\n","protected":false},"featured_media":10111,"template":"","meta":[],"product_cat":[1141],"product_tag":[],"class_list":{"0":"post-9940","1":"product","2":"type-product","3":"status-publish","4":"has-post-thumbnail","6":"product_cat-promotion-sl","8":"first","9":"instock","10":"shipping-taxable","11":"purchasable","12":"product-type-simple"},"bundled_by":["10121"],"bundle_stock_status":"instock","bundle_stock_quantity":9,"bundle_virtual":false,"bundle_layout":"","bundle_add_to_cart_form_location":"","bundle_editable_in_cart":false,"bundle_sold_individually_context":"","bundle_item_grouping":"","bundle_min_size":"","bundle_max_size":"","bundled_items":[],"bundle_sell_ids":[],"_links":{"self":[{"href":"https:\/\/viksel.com\/sl\/wp-json\/wp\/v2\/product\/9940","targetHints":{"allow":["GET"]}}],"collection":[{"href":"https:\/\/viksel.com\/sl\/wp-json\/wp\/v2\/product"}],"about":[{"href":"https:\/\/viksel.com\/sl\/wp-json\/wp\/v2\/types\/product"}],"wp:featuredmedia":[{"embeddable":true,"href":"https:\/\/viksel.com\/sl\/wp-json\/wp\/v2\/media\/10111"}],"wp:attachment":[{"href":"https:\/\/viksel.com\/sl\/wp-json\/wp\/v2\/media?parent=9940"}],"wp:term":[{"taxonomy":"product_cat","embeddable":true,"href":"https:\/\/viksel.com\/sl\/wp-json\/wp\/v2\/product_cat?post=9940"},{"taxonomy":"product_tag","embeddable":true,"href":"https:\/\/viksel.com\/sl\/wp-json\/wp\/v2\/product_tag?post=9940"}],"curies":[{"name":"wp","href":"https:\/\/api.w.org\/{rel}","templated":true}]}}