{"id":9936,"date":"2023-03-09T15:20:54","date_gmt":"2023-03-09T13:20:54","guid":{"rendered":"https:\/\/viksel.com\/product\/set-of-samples-xx-series\/"},"modified":"2023-12-22T21:59:59","modified_gmt":"2023-12-22T19:59:59","slug":"set-of-samples-xx-series","status":"publish","type":"product","link":"https:\/\/viksel.com\/sl\/izdelek\/set-of-samples-xx-series\/","title":{"rendered":"Komplet vzorcev XX Series"},"content":{"rendered":"<div>Predstavljamo komplet vzorcev parfumov VL XXI do VL XXX Collection, vrhunski komplet 10 razli\u010dnih di\u0161av, ki vam omogo\u010da raziskovanje sveta o\u010darljivih di\u0161av, ne da bi se morali odlo\u010diti za stekleni\u010dko v polni velikosti. Vsaka stekleni\u010dka z vzorcem vsebuje 3 ml skrbno izdelane di\u0161ave, kar zagotavlja dovolj razpr\u0161il, da lahko do\u017eivite vso kompleksnost in lepoto vsake di\u0161ave.<\/div>\n<div><\/div>\n<div>Kolekcija VL XXI do VL XXX je skrbno izbran izbor di\u0161av, ki utele\u0161ajo bistvo razko\u0161ja in prefinjenosti. Od zapeljivega in \u010dutnega VL XXI do bogatega in razko\u0161nega VL XXX je vsaka di\u0161ava zasnovana tako, da daje izjavo in pusti trajen vtis.<\/div>\n<div><\/div>\n<div>Ne glede na to, ali i\u0161\u010dete drzno in drzno di\u0161avo ali nekaj bolj subtilnega in elegantnega, v tej kolekciji boste na\u0161li di\u0161avo, ki bo ustrezala va\u0161emu slogu in razpolo\u017eenju. Od cvetli\u010dnega in \u017eenstvenega VL XXVII do za\u010dinjenega in eksoti\u010dnega VL XXXII &#8211; vsak vonj je edinstveno olfaktorno do\u017eivetje, ki vas popelje v drug kraj in \u010das.<\/div>\n<div><\/div>\n<div>Komplet vzorcev parfumov iz kolekcije VL XXI do VL XXX je popoln na\u010din, da se prepustite svetu luksuznih di\u0161av, ne da bi pri tem zapravili denar. Je odli\u010dno darilo zase ali za ljubljeno osebo, ki ceni lep\u0161e stvari v \u017eivljenju. Izkusite \u010darobnost teh izjemnih di\u0161av in \u0161e danes poi\u0161\u010dite svojo novo zna\u010dilno di\u0161avo.<\/div>\n","protected":false},"excerpt":{"rendered":"<p>Promocijski komplet vzorcev parfumov 10 razli\u010dnih vonjev 3 ml Serija XX<\/p>\n","protected":false},"featured_media":10106,"template":"","meta":[],"product_cat":[1141],"product_tag":[],"class_list":{"0":"post-9936","1":"product","2":"type-product","3":"status-publish","4":"has-post-thumbnail","6":"product_cat-promotion-sl","8":"first","9":"instock","10":"shipping-taxable","11":"purchasable","12":"product-type-simple"},"bundled_by":["10121"],"bundle_stock_status":"instock","bundle_stock_quantity":9,"bundle_virtual":false,"bundle_layout":"","bundle_add_to_cart_form_location":"","bundle_editable_in_cart":false,"bundle_sold_individually_context":"","bundle_item_grouping":"","bundle_min_size":"","bundle_max_size":"","bundled_items":[],"bundle_sell_ids":[],"_links":{"self":[{"href":"https:\/\/viksel.com\/sl\/wp-json\/wp\/v2\/product\/9936","targetHints":{"allow":["GET"]}}],"collection":[{"href":"https:\/\/viksel.com\/sl\/wp-json\/wp\/v2\/product"}],"about":[{"href":"https:\/\/viksel.com\/sl\/wp-json\/wp\/v2\/types\/product"}],"wp:featuredmedia":[{"embeddable":true,"href":"https:\/\/viksel.com\/sl\/wp-json\/wp\/v2\/media\/10106"}],"wp:attachment":[{"href":"https:\/\/viksel.com\/sl\/wp-json\/wp\/v2\/media?parent=9936"}],"wp:term":[{"taxonomy":"product_cat","embeddable":true,"href":"https:\/\/viksel.com\/sl\/wp-json\/wp\/v2\/product_cat?post=9936"},{"taxonomy":"product_tag","embeddable":true,"href":"https:\/\/viksel.com\/sl\/wp-json\/wp\/v2\/product_tag?post=9936"}],"curies":[{"name":"wp","href":"https:\/\/api.w.org\/{rel}","templated":true}]}}