{"id":9895,"date":"2023-03-08T00:12:00","date_gmt":"2023-03-07T22:12:00","guid":{"rendered":"https:\/\/viksel.com\/?post_type=product&#038;p=9895"},"modified":"2023-11-30T19:01:59","modified_gmt":"2023-11-30T17:01:59","slug":"premium-parfum-navdihnjen-po-van-cleef-arpels-22-vendome-vl-xxv-10ml","status":"publish","type":"product","link":"https:\/\/viksel.com\/sl\/izdelek\/premium-parfum-navdihnjen-po-van-cleef-arpels-22-vendome-vl-xxv-10ml\/","title":{"rendered":"Premium Parfum navdihnjen po Van Cleef &#038; Arpels 22 Vendome  \u2013 VL XXV \u2013 (10ml)"},"content":{"rendered":"<p>Parfum VL XXV zajema bistvo razko\u0161ja in sofisticiranosti s svojim razko\u0161nim in o\u010darljivim vonjem. Eksplozija sve\u017ee bergamotke in kisle mandarine po\u017eivlja \u010dute in nam pri\u010dara o\u010darljiv vonj, ki je hkrati privla\u010den in subtilen.<\/p>\n<p>Ko se parfum umiri, se pojavijo ne\u017ene cvetne note jasmina in vrtnice, ki pri\u010darajo ob\u010dutek elegance in senzualnosti. Srce di\u0161ave zaokro\u017ei topel in bogat vonj vanilje in tonka fi\u017eola, dodajajo\u010d malo sladkosti in senzualnosti, ki se obdr\u017ei na ko\u017ei skozi cel dan.<\/p>\n<p>Med no\u0161enjem, parfum VL XXV izra\u017ea ob\u010dutek samozavesti in razko\u0161ja, podobno kot njegov predhodnik, Van Cleef. To je vonj, ki govori o identiteti njegovega nosilca &#8211; unisex parfum, ki odra\u017ea pogum, in sofisticiranost.<\/p>\n<p>&nbsp;<\/p>\n<p><strong>INCI sestavine \/ ingredients:<\/strong><\/p>\n<p>ALCOHOL DENAT., PARFUM, AQUA, ETHYLHEXYL METHOXYCINNAMATE, ETHYLHEXYL SALICYLATE, BUTYL METHOXYDIBENZOYLMETHANE, BHT, ANISE ALCOHOL*, CITRAL*, CITRONELLOL*, FARNESOL*, GERANIOL*, HYDROXYCITRONELLAL*, LIMONENE*, LINALOOL*<br \/>\n* sestavina parfuma \/ ingredient of perfume<\/p>\n","protected":false},"excerpt":{"rendered":"<p><strong>\u010cuten, razko\u0161en, zapeljiv<\/strong><br \/>\nVrhnje note: Bergamotka, mandarina, ro\u017enati poper<br \/>\nSr\u010dne note: Vrtnica, jasmin, ylang ylang<br \/>\nOsnovne note: Pa\u010duli, vanilija, mo\u0161us<\/p>\n","protected":false},"featured_media":10661,"template":"","meta":[],"product_cat":[1026],"product_tag":[],"class_list":{"0":"post-9895","1":"product","2":"type-product","3":"status-publish","4":"has-post-thumbnail","6":"product_cat-perfumes-sl","8":"first","9":"instock","10":"shipping-taxable","11":"purchasable","12":"product-type-simple"},"bundled_by":[],"bundle_stock_status":"instock","bundle_stock_quantity":24,"bundle_virtual":false,"bundle_layout":"","bundle_add_to_cart_form_location":"","bundle_editable_in_cart":false,"bundle_sold_individually_context":"","bundle_item_grouping":"","bundle_min_size":"","bundle_max_size":"","bundled_items":[],"bundle_sell_ids":[],"_links":{"self":[{"href":"https:\/\/viksel.com\/sl\/wp-json\/wp\/v2\/product\/9895","targetHints":{"allow":["GET"]}}],"collection":[{"href":"https:\/\/viksel.com\/sl\/wp-json\/wp\/v2\/product"}],"about":[{"href":"https:\/\/viksel.com\/sl\/wp-json\/wp\/v2\/types\/product"}],"wp:featuredmedia":[{"embeddable":true,"href":"https:\/\/viksel.com\/sl\/wp-json\/wp\/v2\/media\/10661"}],"wp:attachment":[{"href":"https:\/\/viksel.com\/sl\/wp-json\/wp\/v2\/media?parent=9895"}],"wp:term":[{"taxonomy":"product_cat","embeddable":true,"href":"https:\/\/viksel.com\/sl\/wp-json\/wp\/v2\/product_cat?post=9895"},{"taxonomy":"product_tag","embeddable":true,"href":"https:\/\/viksel.com\/sl\/wp-json\/wp\/v2\/product_tag?post=9895"}],"curies":[{"name":"wp","href":"https:\/\/api.w.org\/{rel}","templated":true}]}}