{"id":9890,"date":"2023-03-08T00:08:09","date_gmt":"2023-03-07T22:08:09","guid":{"rendered":"https:\/\/viksel.com\/?post_type=product&#038;p=9890"},"modified":"2024-03-23T18:45:32","modified_gmt":"2024-03-23T16:45:32","slug":"parfum-navdihnjen-po-le-labo-bergamote-22-vl-xxiv-10ml","status":"publish","type":"product","link":"https:\/\/viksel.com\/sl\/izdelek\/parfum-navdihnjen-po-le-labo-bergamote-22-vl-xxiv-10ml\/","title":{"rendered":"Parfum navdihnjen po Le Labo Bergamote 22  \u2013 VL XXIV \u2013 (10ml)"},"content":{"rendered":"<p>Parfum VL XXIV je \u017eivahen in razpolo\u017eenje dvigajo\u010d vonj, ki zajema bistvo son\u010dnega dneva v sredozemskem citrusnem nasadu. V zgornjih notah se \u010duti kiselkast bergamot in so\u010dna grenivka, ki oddajata ob\u010dutek sve\u017eine in energije. Srce vonja sestavlja kombinacija sladkega ambra in cvetli\u010dnega petitgraina, ki dodajata globino in kompleksnost vonju. Na koncu pa osnovne note mo\u0161usa in vetiverja dajejo subtilen zemeljski ton, ki fiksira vonj in ga naredi dolgotrajnega.<\/p>\n<p>Vredno je omeniti, da parfum VL XXIV deli veliko podobnosti z &#8220;Bergamot 22&#8221; od znamke Le Labo, kultnim vonjem, ki ima zvesto in zahtevno publiko. Oba vonja imata enake sve\u017ee in citrusne zgornje note, kot tudi tople in mo\u0161usne osnovne note, ki so zna\u010dilne za Le Labo vonje. Obo\u017eevalci &#8220;Bergamot 22&#8221; bodo zagotovo cenili \u017eivahen in prefinjen vonj parfuma VL XXIV.<\/p>\n<p>&nbsp;<\/p>\n<p><strong>INCI sestavine \/ ingredients:<\/strong><\/p>\n<p>ALCOHOL DENAT., PARFUM, AQUA, ETHYLHEXYL METHOXYCINNAMATE, ETHYLHEXYL SALICYLATE, BUTYL METHOXYDIBENZOYLMETHANE, BHT, ANISE ALCOHOL*, CITRAL*, CITRONELLOL*, GERANIOL*, ISOEUGENOL*, LIMONENE*, LINALOOL*<br \/>\n* sestavina parfuma \/ ingredient of perfume<\/p>\n","protected":false},"excerpt":{"rendered":"<p><strong>Izvrsten, ne\u017een, prefinjen, razko\u0161en, \u010duten, privla\u010den, o\u010darljiv<\/strong><br \/>\nZgornje note: Bergamotka, limona, petitgrain<br \/>\nSr\u010dne note: Geranija, vrtnica, jasmin<br \/>\nOsnovne note: Vetiver, cedrovina, mo\u0161us<\/p>\n","protected":false},"featured_media":10666,"template":"","meta":[],"product_cat":[1026],"product_tag":[],"class_list":{"0":"post-9890","1":"product","2":"type-product","3":"status-publish","4":"has-post-thumbnail","6":"product_cat-perfumes-sl","8":"first","9":"instock","10":"shipping-taxable","11":"purchasable","12":"product-type-simple"},"bundled_by":[],"bundle_stock_status":"instock","bundle_stock_quantity":25,"bundle_virtual":false,"bundle_layout":"","bundle_add_to_cart_form_location":"","bundle_editable_in_cart":false,"bundle_sold_individually_context":"","bundle_item_grouping":"","bundle_min_size":"","bundle_max_size":"","bundled_items":[],"bundle_sell_ids":[],"_links":{"self":[{"href":"https:\/\/viksel.com\/sl\/wp-json\/wp\/v2\/product\/9890","targetHints":{"allow":["GET"]}}],"collection":[{"href":"https:\/\/viksel.com\/sl\/wp-json\/wp\/v2\/product"}],"about":[{"href":"https:\/\/viksel.com\/sl\/wp-json\/wp\/v2\/types\/product"}],"wp:featuredmedia":[{"embeddable":true,"href":"https:\/\/viksel.com\/sl\/wp-json\/wp\/v2\/media\/10666"}],"wp:attachment":[{"href":"https:\/\/viksel.com\/sl\/wp-json\/wp\/v2\/media?parent=9890"}],"wp:term":[{"taxonomy":"product_cat","embeddable":true,"href":"https:\/\/viksel.com\/sl\/wp-json\/wp\/v2\/product_cat?post=9890"},{"taxonomy":"product_tag","embeddable":true,"href":"https:\/\/viksel.com\/sl\/wp-json\/wp\/v2\/product_tag?post=9890"}],"curies":[{"name":"wp","href":"https:\/\/api.w.org\/{rel}","templated":true}]}}