{"id":9885,"date":"2023-03-08T00:05:09","date_gmt":"2023-03-07T22:05:09","guid":{"rendered":"https:\/\/viksel.com\/?post_type=product&#038;p=9885"},"modified":"2023-12-16T23:45:40","modified_gmt":"2023-12-16T21:45:40","slug":"parfum-navdihnjen-po-louis-vuitton-attrape-reves-vl-xxiii-10ml","status":"publish","type":"product","link":"https:\/\/viksel.com\/sl\/izdelek\/parfum-navdihnjen-po-louis-vuitton-attrape-reves-vl-xxiii-10ml\/","title":{"rendered":"Parfum navdihnjen po Louis Vuitton Attrape-reves  \u2013 VL XXIII \u2013 (10ml)"},"content":{"rendered":"<p>Parfum VL XXIII je presti\u017een vonj, ki vas popelje v svet elegance in sofisticiranosti. Njegova \u010dudovita aroma je priznanje neverjetni kakovosti in mojstrstvu blagovne znamke Louis Vuitton, saj prevzame bistvo njihovega kultnega parfuma &#8220;Attrape R\u00eaves&#8221;.<\/p>\n<p>Vonj se odpre z mo\u010dno bergamotko, sve\u017eo mandarino in grenko grenivko. Sr\u010dne note so simfonija cvetli\u010dnih in za\u010dimbnih akordov z jasminom, vrtnico in rde\u010dim poprom, ki ustvarjajo briljantno do\u017eivetje. Osnovne note vanilije, mo\u0161usa in pa\u010dulija dodajo vonju toplo, delikatno noto, ki vas obda z toplim in pomirjujo\u010dim objemom.<\/p>\n<p>Opis vonja VL XXIII ne pu\u0161\u010da nobenih dvomov, da spominja na &#8220;Attrape R\u00eaves&#8221;. Oba vonja imata enake zgornje, srednje in osnovne note, kar jih prakti\u010dno identificira po vonju. Edina razlika je v blagovni znamki, kjer je parfum VL XXIII usmerjen na drug trg, vendar ohranja enako razko\u0161je in kakovost, po kateri je znan Louis Vuitton.<\/p>\n<p>\u010ce ste ljubitelj &#8220;Attrape R\u00eaves&#8221;, je parfum VL XXIII popoln vonj za vas. Izra\u017ea enako klasi\u010dno eleganco, ki vam omogo\u010da, da u\u017eivate v izku\u0161nji Louis Vuittona, ne da bi pri tem porabili veliko denarja. Ne glede na to, ali gre za posebno prilo\u017enost ali vsakodnevni vonj, je parfum VL XXIII prava izbira.<\/p>\n<p>&nbsp;<\/p>\n<p><strong>INCI sestavine \/ ingredients:<\/strong><\/p>\n<p>ALCOHOL DENAT., PARFUM, AQUA, ETHYLHEXYL METHOXYCINNAMATE, ETHYLHEXYL SALICYLATE, BUTYL METHOXYDIBENZOYLMETHANE, BHT, ANISE ALCOHOL*, BENZOIC ACID, AMYL CINNAMAL*, BENZYL BENZOATE*, BENZYL SALICYLATE*, CITRAL*, CITRONELLOL*, COUMARIN*, GERANIOL*, HEXYL CINNAMAL*, HYDROXYCITRONELLAL*, LIMONENE*, LINALOOL*<br \/>\n* sestavina parfuma \/ ingredient of perfume<\/p>\n","protected":false},"excerpt":{"rendered":"<p><strong>O\u010darljiv, razko\u0161en, izvrsten, zapeljiv, bogat, veli\u010dasten.<\/strong><br \/>\nVrhnje note: Bergamotka, mandarina, ro\u017enati poper<br \/>\nSr\u010dne note: vrtnica, jasmin, pomaran\u010dni cvet<br \/>\nOsnovne note: Pa\u010duli, vanilija, beli mo\u0161us<\/p>\n","protected":false},"featured_media":10671,"template":"","meta":[],"product_cat":[1026],"product_tag":[],"class_list":{"0":"post-9885","1":"product","2":"type-product","3":"status-publish","4":"has-post-thumbnail","6":"product_cat-perfumes-sl","8":"first","9":"instock","10":"shipping-taxable","11":"purchasable","12":"product-type-simple"},"bundled_by":[],"bundle_stock_status":"instock","bundle_stock_quantity":25,"bundle_virtual":false,"bundle_layout":"","bundle_add_to_cart_form_location":"","bundle_editable_in_cart":false,"bundle_sold_individually_context":"","bundle_item_grouping":"","bundle_min_size":"","bundle_max_size":"","bundled_items":[],"bundle_sell_ids":[],"_links":{"self":[{"href":"https:\/\/viksel.com\/sl\/wp-json\/wp\/v2\/product\/9885","targetHints":{"allow":["GET"]}}],"collection":[{"href":"https:\/\/viksel.com\/sl\/wp-json\/wp\/v2\/product"}],"about":[{"href":"https:\/\/viksel.com\/sl\/wp-json\/wp\/v2\/types\/product"}],"wp:featuredmedia":[{"embeddable":true,"href":"https:\/\/viksel.com\/sl\/wp-json\/wp\/v2\/media\/10671"}],"wp:attachment":[{"href":"https:\/\/viksel.com\/sl\/wp-json\/wp\/v2\/media?parent=9885"}],"wp:term":[{"taxonomy":"product_cat","embeddable":true,"href":"https:\/\/viksel.com\/sl\/wp-json\/wp\/v2\/product_cat?post=9885"},{"taxonomy":"product_tag","embeddable":true,"href":"https:\/\/viksel.com\/sl\/wp-json\/wp\/v2\/product_tag?post=9885"}],"curies":[{"name":"wp","href":"https:\/\/api.w.org\/{rel}","templated":true}]}}