{"id":9875,"date":"2023-03-07T23:55:23","date_gmt":"2023-03-07T21:55:23","guid":{"rendered":"https:\/\/viksel.com\/?post_type=product&#038;p=9875"},"modified":"2023-11-30T19:02:10","modified_gmt":"2023-11-30T17:02:10","slug":"premium-parfum-navdihnjen-po-clive-christian-amberwood-vl-xxi-10ml","status":"publish","type":"product","link":"https:\/\/viksel.com\/sl\/izdelek\/premium-parfum-navdihnjen-po-clive-christian-amberwood-vl-xxi-10ml\/","title":{"rendered":"Premium Parfum navdihnjen po Clive Christian Amberwood \u2013 VL XXI \u2013 (10ml)"},"content":{"rendered":"<p>Parfum VL XXI &#8211; razko\u0161en in bogat vonj, ki izra\u017ea subtilnost in eleganco. S svojimi zna\u010dilnimi lesnimi in toplimi notami je ta parfum popoln za sodobnega in stiliziranega mo\u0161kega ali \u017eensko, ki \u017eeli pustiti nepozaben vtis. Njegova edinstvena me\u0161anica zgornjih not bergamota, kardamoma in limone, srednjih not jasmina, ilang-ilanga in nageljnovih \u017ebic ter spodnjih not jantarja, vanilije in mo\u0161usa ustvarja o\u010darljiv vonj, ki traja cel dan.<\/p>\n<p>\u010ceprav ima podoben vonj kot &#8220;Amberwood&#8221; od Clive Christian, je parfum VL XXI edinstven in individualen vonj, ki govoi sam zase. Ta parfum je idealen za tiste, ki cenijo visoko kakovostne in razko\u0161ne vonje in se \u017eelijo po\u010dutiti samozavestno in subtilno. Zahvaljujo\u010d svoji dolgotrajni formuli in o\u010darljivemu vonju je parfum VL XXI\u00a0 popolna izbira za katero koli prilo\u017enost, bodisi da gre za ve\u010derni izhod ali posebno prireditev. Torej bodite drzni in u\u017eivajte v brezkompromisni izku\u0161nji razko\u0161ja s parfumom VL XXI ter u\u017eivajte v njegovem izbranem in o\u010darljivem vonju.<\/p>\n<p>&nbsp;<\/p>\n<p><strong>INCI sestavine \/ ingredients: <\/strong><\/p>\n<p>ALCOHOL DENAT., PARFUM, AQUA, ETHYLHEXYL METHOXYCINNAMATE, ETHYLHEXYL SALICYLATE, BUTYL METHOXYDIBENZOYLMETHANE, BHT, ANISE ALCOHOL*, CITRAL*, COUMARIN*, LIMONENE*, LINALOOL*<br \/>\n* sestavina parfuma \/ ingredient of perfume<\/p>\n","protected":false},"excerpt":{"rendered":"<p><strong>Topel, bogat, sladek, eksoti\u010den, razko\u0161en, \u010duten, zapeljiv<\/strong><br \/>\nVrhnje note: Bergamotka, limona, pomaran\u010da, mandarina, kardamom<br \/>\nSr\u010dne note: Vrtnica, jasmin, ylang ylang, nageljnove \u017ebice, mu\u0161katni ore\u0161\u010dek<br \/>\nOsnovne note: Jantar, sandalovina, cedrovina, mo\u0161us, vanilija<\/p>\n","protected":false},"featured_media":10681,"template":"","meta":[],"product_cat":[1026],"product_tag":[],"class_list":{"0":"post-9875","1":"product","2":"type-product","3":"status-publish","4":"has-post-thumbnail","6":"product_cat-perfumes-sl","8":"first","9":"instock","10":"sale","11":"shipping-taxable","12":"purchasable","13":"product-type-simple"},"bundled_by":[],"bundle_stock_status":"instock","bundle_stock_quantity":41,"bundle_virtual":false,"bundle_layout":"","bundle_add_to_cart_form_location":"","bundle_editable_in_cart":false,"bundle_sold_individually_context":"","bundle_item_grouping":"","bundle_min_size":"","bundle_max_size":"","bundled_items":[],"bundle_sell_ids":[],"_links":{"self":[{"href":"https:\/\/viksel.com\/sl\/wp-json\/wp\/v2\/product\/9875","targetHints":{"allow":["GET"]}}],"collection":[{"href":"https:\/\/viksel.com\/sl\/wp-json\/wp\/v2\/product"}],"about":[{"href":"https:\/\/viksel.com\/sl\/wp-json\/wp\/v2\/types\/product"}],"wp:featuredmedia":[{"embeddable":true,"href":"https:\/\/viksel.com\/sl\/wp-json\/wp\/v2\/media\/10681"}],"wp:attachment":[{"href":"https:\/\/viksel.com\/sl\/wp-json\/wp\/v2\/media?parent=9875"}],"wp:term":[{"taxonomy":"product_cat","embeddable":true,"href":"https:\/\/viksel.com\/sl\/wp-json\/wp\/v2\/product_cat?post=9875"},{"taxonomy":"product_tag","embeddable":true,"href":"https:\/\/viksel.com\/sl\/wp-json\/wp\/v2\/product_tag?post=9875"}],"curies":[{"name":"wp","href":"https:\/\/api.w.org\/{rel}","templated":true}]}}