{"id":9855,"date":"2023-03-07T23:40:00","date_gmt":"2023-03-07T21:40:00","guid":{"rendered":"https:\/\/viksel.com\/?post_type=product&#038;p=9855"},"modified":"2023-11-30T19:02:19","modified_gmt":"2023-11-30T17:02:19","slug":"premium-parfum-navdihnjen-po-by-killian-black-phantom-vl-xvii-10ml","status":"publish","type":"product","link":"https:\/\/viksel.com\/sl\/izdelek\/premium-parfum-navdihnjen-po-by-killian-black-phantom-vl-xvii-10ml\/","title":{"rendered":"Premium Parfum navdihnjen po By Killian Black phantom &#8211; VL XVII &#8211; (10ml)"},"content":{"rendered":"<p>Parfum VL XVII je razko\u0161en in osupljiv vonj, ki prevzame s svojo kompleksno in privla\u010dno kombinacijo not. Z njegovo izbrano in skrivnostno sestavo ustvari vzdu\u0161je elegance in privla\u010dnosti.<\/p>\n<p>Zgornje note tega parfuma predstavljajo drzno in odlo\u010dno kombinacijo ruma in karamele, ki oddajata sladkost in provokativnost. Sr\u010dne note vonja predstavljajo bogato in razko\u0161no kavo, mandlje in heliotrop, ki mu doda toplino in senzualnost. Osnovne note parfuma predstavljajo zapeljivo me\u0161anico vanilije, sandalovine in tonke, ki ustvari zapeljiv in sofisticiran vonj.<\/p>\n<p>\u010ceprav ima parfum VL XVII svoj edinstven in mo\u010dan karakter, ima podoben vonj kot razko\u0161ni parfum &#8220;Black Phantom&#8221; parfumske hi\u0161e Kilian. Oba vonja iz\u017earevata skrivnostnost in privla\u010dnost, vendar parfum VL XVII ima svoj edinstven \u010dar kateri pusti vtis. Njegova globina in kompleksnost ga naredita za resni\u010dno osupljiv vonj, ki je idealen za tiste, ki cenijo eleganco v \u017eivljenju.<\/p>\n<p>&nbsp;<\/p>\n<p><strong>INCI sestavine \/ ingredients: <\/strong><\/p>\n<p>ALCOHOL DENAT., PARFUM, AQUA, ETHYLHEXYL METHOXYCINNAMATE, ETHYLHEXYL SALICYLATE, BUTYL METHOXYDIBENZOYLMETHANE, BHT, ANISE ALCOHOL*, ALPHA-ISOMETHYL IONONE*, COUMARIN*<br \/>\n* sestavina parfuma \/ ingredient of perfume<\/p>\n","protected":false},"excerpt":{"rendered":"<p><strong>Temen, skrivnosten, enigmati\u010den, vabljiv, o\u010darljiv, zapeljiv, hipnoti\u010den, mo\u010dan, intenziven.<\/strong><br \/>\nVrhnje note: Bergamotka, limona, mandarina, kardamom<br \/>\nSr\u010dne note: Vrtnica, jasmin, vijolica, mu\u0161katni ore\u0161\u010dek<br \/>\nOsnovne note: Jantar, vanilija, pa\u010duli, sandalovina<\/p>\n","protected":false},"featured_media":10700,"template":"","meta":[],"product_cat":[1026],"product_tag":[],"class_list":{"0":"post-9855","1":"product","2":"type-product","3":"status-publish","4":"has-post-thumbnail","6":"product_cat-perfumes-sl","8":"first","9":"instock","10":"shipping-taxable","11":"purchasable","12":"product-type-simple"},"bundled_by":[],"bundle_stock_status":"instock","bundle_stock_quantity":25,"bundle_virtual":false,"bundle_layout":"","bundle_add_to_cart_form_location":"","bundle_editable_in_cart":false,"bundle_sold_individually_context":"","bundle_item_grouping":"","bundle_min_size":"","bundle_max_size":"","bundled_items":[],"bundle_sell_ids":[],"_links":{"self":[{"href":"https:\/\/viksel.com\/sl\/wp-json\/wp\/v2\/product\/9855","targetHints":{"allow":["GET"]}}],"collection":[{"href":"https:\/\/viksel.com\/sl\/wp-json\/wp\/v2\/product"}],"about":[{"href":"https:\/\/viksel.com\/sl\/wp-json\/wp\/v2\/types\/product"}],"wp:featuredmedia":[{"embeddable":true,"href":"https:\/\/viksel.com\/sl\/wp-json\/wp\/v2\/media\/10700"}],"wp:attachment":[{"href":"https:\/\/viksel.com\/sl\/wp-json\/wp\/v2\/media?parent=9855"}],"wp:term":[{"taxonomy":"product_cat","embeddable":true,"href":"https:\/\/viksel.com\/sl\/wp-json\/wp\/v2\/product_cat?post=9855"},{"taxonomy":"product_tag","embeddable":true,"href":"https:\/\/viksel.com\/sl\/wp-json\/wp\/v2\/product_tag?post=9855"}],"curies":[{"name":"wp","href":"https:\/\/api.w.org\/{rel}","templated":true}]}}