{"id":9850,"date":"2023-03-07T23:36:27","date_gmt":"2023-03-07T21:36:27","guid":{"rendered":"https:\/\/viksel.com\/?post_type=product&#038;p=9850"},"modified":"2024-07-08T17:59:38","modified_gmt":"2024-07-08T15:59:38","slug":"parfum-navdihnjen-po-nasomatto-black-afgano-vl-xvi-10ml","status":"publish","type":"product","link":"https:\/\/viksel.com\/sl\/izdelek\/parfum-navdihnjen-po-nasomatto-black-afgano-vl-xvi-10ml\/","title":{"rendered":"Parfum navdihnjen po Nasomatto Black Afgano &#8211; VL XVI &#8211; (10ml)"},"content":{"rendered":"<p>Parfum VL XVI je osupljiv vonj, ki ima enak vonj kot znameniti parfum &#8220;Black Afgano&#8221; znamke Nasomatto. Ta razko\u0161en parfum oddaja zemeljski, lesni vonj, ki je drzen in skrivnosten, kar ga naredi popolnega za tiste, ki \u017eelijo narediti vtis, kjer koli se pojavijo.<\/p>\n<p>V sredi\u0161\u010du tega parfuma je nepozaben vonj kanabisa, ki ustvarja globok in opojen vonj, ki je hkrati eksoti\u010den in zapeljiv. V zgornjih notah parfuma so note kave, tobaka in ouda, ki se popolnoma zdru\u017eujejo in ustvarjajo topel in privla\u010den vonj, ki je bogat in kompleksen.<\/p>\n<p>Ko se parfum umiri, se razkrije srce pa\u010dulija in cedre, ki dodajata zemeljski pridih v parfum, medtem ko bazne note kadila, jantarja in mo\u0161usa dodajajo senzualen in mo\u0161usen podton v vonju.<\/p>\n<p>Skupno gledano, je Parfum VL XVI res izjemen parfum, ki zagotovo pritegne pozornost in pusti trajen vtis. Njegov drzen in skrivnosten vonj je popoln za tiste, ki \u017eelijo narediti vtis, medtem ko njegovi razko\u0161ni sestavni deli zagotavljajo, da je to parfum najvi\u0161je kakovosti.<\/p>\n<p>.<\/p>\n<p>&nbsp;<\/p>\n<p><strong>INCI sestavine \/ ingredients: <\/strong><\/p>\n<p>ALCOHOL DENAT., PARFUM, AQUA, ETHYLHEXYL METHOXYCINNAMATE, ETHYLHEXYL SALICYLATE, BUTYL METHOXYDIBENZOYLMETHANE, BHT, ANISE ALCOHOL*, ISOEUGENOL*<br \/>\n* sestavina parfuma \/ ingredient of perfume<\/p>\n","protected":false},"excerpt":{"rendered":"<p><strong>Bogat, eksoti\u010den, opojen, skrivnosten, zapeljiv, \u010duten, razko\u0161en<\/strong><br \/>\nVrhnje note: Bergamotka, limona, sivka<br \/>\nSr\u010dne note: Opoponax, kava, tobak<br \/>\nOsnovne note: Cedrovina, sandalovina, beli mo\u0161us<\/p>\n","protected":false},"featured_media":10705,"template":"","meta":[],"product_cat":[1026],"product_tag":[],"class_list":{"0":"post-9850","1":"product","2":"type-product","3":"status-publish","4":"has-post-thumbnail","6":"product_cat-perfumes-sl","8":"first","9":"instock","10":"shipping-taxable","11":"purchasable","12":"product-type-simple"},"bundled_by":[],"bundle_stock_status":"instock","bundle_stock_quantity":25,"bundle_virtual":false,"bundle_layout":"","bundle_add_to_cart_form_location":"","bundle_editable_in_cart":false,"bundle_sold_individually_context":"","bundle_item_grouping":"","bundle_min_size":"","bundle_max_size":"","bundled_items":[],"bundle_sell_ids":[],"_links":{"self":[{"href":"https:\/\/viksel.com\/sl\/wp-json\/wp\/v2\/product\/9850","targetHints":{"allow":["GET"]}}],"collection":[{"href":"https:\/\/viksel.com\/sl\/wp-json\/wp\/v2\/product"}],"about":[{"href":"https:\/\/viksel.com\/sl\/wp-json\/wp\/v2\/types\/product"}],"wp:featuredmedia":[{"embeddable":true,"href":"https:\/\/viksel.com\/sl\/wp-json\/wp\/v2\/media\/10705"}],"wp:attachment":[{"href":"https:\/\/viksel.com\/sl\/wp-json\/wp\/v2\/media?parent=9850"}],"wp:term":[{"taxonomy":"product_cat","embeddable":true,"href":"https:\/\/viksel.com\/sl\/wp-json\/wp\/v2\/product_cat?post=9850"},{"taxonomy":"product_tag","embeddable":true,"href":"https:\/\/viksel.com\/sl\/wp-json\/wp\/v2\/product_tag?post=9850"}],"curies":[{"name":"wp","href":"https:\/\/api.w.org\/{rel}","templated":true}]}}