{"id":9083,"date":"2023-02-01T13:05:40","date_gmt":"2023-02-01T11:05:40","guid":{"rendered":"https:\/\/viksel.com\/product\/perfume-vl-xiv\/"},"modified":"2025-01-31T10:46:47","modified_gmt":"2025-01-31T08:46:47","slug":"parfum-navdihnjen-po-tizziana-terenzi-andromeda-vl-xiv-100-ml","status":"publish","type":"product","link":"https:\/\/viksel.com\/sl\/izdelek\/parfum-navdihnjen-po-tizziana-terenzi-andromeda-vl-xiv-100-ml\/","title":{"rendered":"Parfum navdihnjen po Tizziana Terenzi Andromeda &#8211; VL XIV &#8211; (100 ml)"},"content":{"rendered":"<p>Parfum VL XIV je razko\u0161en in prefinjen vonj, ki ima isti vonj kot Andromeda od Tiziana Terrenzi. Ta parfum je \u010dudovita in intenzivna kombinacija cvetnih in lesnih not, ki popolnoma prena\u0161a bistvo zvezdnega no\u010dnega neba.<\/p>\n<p>V zgornjih notah parfuma VL XIV je prisoten sve\u017e in osve\u017eujo\u010d izbruh citrusa bergamota, ne\u017ene sivke in sladkega, so\u010dnega jabolka. To se prelije v srce \u010darobnega jasmina, razko\u0161ne vrtnice in zemeljskega pa\u010dulija, ustvarjajo\u010d razko\u0161en in senzualen vonj, ki se obdr\u017ei na ko\u017ei.<\/p>\n<p>Bazne note parfuma VL XIV &#8211; lesne in tople &#8211; vklju\u010dujejo me\u0161anico sandalovine, mo\u0161usa in jantarja. To ustvarja bogat in opojen vonj, ki ovije \u010dute in ga naredi idealnega za no\u0161enje zve\u010der.<\/p>\n<p>Z njegovim o\u010darljivim vonjem in dolgotrajno formulo, je parfum VL XIV idealen vonj za vse tiste, ki se \u017eelijo zaviti se v razko\u0161en in prefinjen vonj. Ne glede na to, ali ga nosite za posebno prilo\u017enost ali preprosto kot vsakodnevni vonj, vam bo parfum VL XIV pustil ob\u010dutek samozavesti, mo\u010di in lepote.<\/p>\n<p>&nbsp;<\/p>\n<p><strong>INCI sestavine \/ ingredients: <\/strong><\/p>\n<p>ALCOHOL DENAT., PARFUM, AQUA, ETHYLHEXYL METHOXYCINNAMATE, ETHYLHEXYL SALICYLATE, BUTYL METHOXYDIBENZOYLMETHANE, BHT, ANISE ALCOHOL*, ALPHA-ISOMETHYL IONONE*, BENZYL SALICYLATE*, CITRAL*, CITRONELLOL*, COUMARIN*, HEXYL CINNAMAL*, HYDROXYCITRONELLAL*, LIMONENE*, LINALOOL*<br \/>\n* sestavina parfuma \/ ingredient of perfume<\/p>\n","protected":false},"excerpt":{"rendered":"<p><strong>Svetle\u010d, o\u010darljiv, zapeljiv, hipnoti\u010den, \u010daroben<\/strong><br \/>\nVrhnje note: Bergamotka, limona, mandarina, ro\u017enati poper<br \/>\nSr\u010dne note: Jasmin, vrtnica, ylang ylang<br \/>\nOsnovne note: pa\u010duli, sandalovina, vanilija, mo\u0161us<\/p>\n","protected":false},"featured_media":10765,"template":"","meta":[],"product_cat":[1026],"product_tag":[],"class_list":{"0":"post-9083","1":"product","2":"type-product","3":"status-publish","4":"has-post-thumbnail","6":"product_cat-perfumes-sl","8":"first","9":"instock","10":"shipping-taxable","11":"purchasable","12":"product-type-simple"},"bundled_by":[],"bundle_stock_status":"instock","bundle_stock_quantity":24,"bundle_virtual":false,"bundle_layout":"","bundle_add_to_cart_form_location":"","bundle_editable_in_cart":false,"bundle_sold_individually_context":"","bundle_item_grouping":"","bundle_min_size":"","bundle_max_size":"","bundled_items":[],"bundle_sell_ids":[],"_links":{"self":[{"href":"https:\/\/viksel.com\/sl\/wp-json\/wp\/v2\/product\/9083","targetHints":{"allow":["GET"]}}],"collection":[{"href":"https:\/\/viksel.com\/sl\/wp-json\/wp\/v2\/product"}],"about":[{"href":"https:\/\/viksel.com\/sl\/wp-json\/wp\/v2\/types\/product"}],"wp:featuredmedia":[{"embeddable":true,"href":"https:\/\/viksel.com\/sl\/wp-json\/wp\/v2\/media\/10765"}],"wp:attachment":[{"href":"https:\/\/viksel.com\/sl\/wp-json\/wp\/v2\/media?parent=9083"}],"wp:term":[{"taxonomy":"product_cat","embeddable":true,"href":"https:\/\/viksel.com\/sl\/wp-json\/wp\/v2\/product_cat?post=9083"},{"taxonomy":"product_tag","embeddable":true,"href":"https:\/\/viksel.com\/sl\/wp-json\/wp\/v2\/product_tag?post=9083"}],"curies":[{"name":"wp","href":"https:\/\/api.w.org\/{rel}","templated":true}]}}