{"id":10531,"date":"2023-07-05T22:31:11","date_gmt":"2023-07-05T20:31:11","guid":{"rendered":"https:\/\/viksel.com\/varnost-nasih-izdelkov\/"},"modified":"2023-07-06T21:20:37","modified_gmt":"2023-07-06T19:20:37","slug":"varnost-nasih-izdelkov","status":"publish","type":"page","link":"https:\/\/viksel.com\/sl\/varnost-nasih-izdelkov\/","title":{"rendered":"Varnost na\u0161ih izdelkov"},"content":{"rendered":"\n\t<section class=\"section\" id=\"section_2103681593\">\n\t\t<div class=\"section-bg fill\" >\n\t\t\t\t\t\t\t\t\t<div class=\"section-bg-overlay absolute fill\"><\/div>\n\t\t\t\n\t<div class=\"is-border\"\n\t\tstyle=\"border-color:rgb(235, 235, 235);border-width:1px 0px 0px 0px;\">\n\t<\/div>\n\n\t\t<\/div>\n\n\t\t\n\n\t\t<div class=\"section-content relative\">\n\t\t\t\n\n<div class=\"row row-large row-full-width align-center\"  id=\"row-442394826\">\n\n\n\t<div id=\"col-966435526\" class=\"col medium-8 small-12 large-8\"  >\n\t\t\t\t<div class=\"col-inner text-center dark\"  >\n\t\t\t\n\t\t\t\n\n\t<div id=\"text-3875964429\" class=\"text\">\n\t\t\r\n<h2>Varnost na\u0161ih izdelkov<\/h2>\r\n<h3>VARNOST, KAKOVOST IN U\u010cINKOVITOST, KI TRAJA<\/h3>\r\n<p>VL2022 group doo v nadaljevanju (&#8220;Viksel&#8221; ali &#8220;mi&#8221;)\r\n\r\n<\/p>\r\n<p> Prizadevamo si ponuditi varne in u\u010dinkovite izdelke in smo ponosni na njihovo stalno varnost. V podjetju Viksel po vsem svetu uporabljamo enake univerzalne standarde kakovosti in varnosti ter v celoti upo\u0161tevamo vse predpise pristojnih institucij, ki nadzorujejo sestavine izdelkov za nego in osebno nego ter njihovo varnost. Na\u0161e stranke lahko na\u0161e izdelke uporabljajo s popolnim zaupanjem.\r\n<\/p>\r\n<p>Zavedamo se trditev, da so nekatere kozmeti\u010dne sestavine \u0161kodljive ali da se nekatere onesna\u017eevalne sestavine nahajajo v sledovih v nevarni koli\u010dini, nekatere trditve pa so zelo opozorilne. Govorice o nevarnih sestavinah se hitro \u0161irijo in ljudje so lahko po nepotrebnem zaskrbljeni. Posameznik ali skupina ljudi lahko zelo enostavno napa\u010dno interpretira nekatere informacije ali jih vzame iz konteksta.\r\n<\/p>\r\n<p>V na\u0161ih izdelkih so uporabljene samo varne sestavine. Vsaka sestavina v vsakem izdelku mora prestati natan\u010den in uraden nadzor, varnost na\u0161ih izdelkov pa je preverjena in potrjena, preden izdelek damo na trg. Izdelki so evropsko odobreni, zato so zelo varni. Na\u0161a multidisciplinarna ekipa strokovnjakov, ki se ukvarja s tem procesom, je zelo osredoto\u010dena na to, da je vse narejeno v skladu z evropskimi standardi.<\/p>\r\n<p>Enako pomembno je poudariti, da na\u0161i strokovnjaki redno spremljajo vse nove informacije o varni uporabi obstoje\u010dih sestavin. \u010ce z znanstveno raziskavo ugotovimo, da neka sestavina ni ve\u010d varna za uporabo ali je njena uporaba zakonsko prepovedana, jo bo Viksel prenehal uporabljati.<\/p>\r\n<p>NAZADNJE POSODOBLJENO (13. april 2023)<\/p>\r\n<p>Prosimo, da natan\u010dno preberete te pogoje uporabe partnerske trgovine Viksel (\u00bbpogodba o partnerski trgovini\u00ab). \u010ce potrdite polje, potrjujete, da sprejemate pogoje te pogodbe o predstavni\u0161ki trgovini in da ravnate v skladu z njimi.<\/p>\r\n<p>\u010ce se ne strinjate s pogoji, dolo\u010denimi v tej pogodbi o partnerski trgovini, ne morete imeti lastne trgovine (kot je opredeljeno spodaj).\r\n<\/p>\r\n\r\n<p> Za namene te pogodbe o trgovini Parterre imajo naslednji izrazi naslednje pomene:<\/p>\r\n<p>\u00bbVsebina Viksel\u00ab pomeni vse besedilo, informacije, podatke, programsko opremo, izvedljive kode, slike, avdio ali video gradivo v katerem koli mediju ali obliki, ki ga Viksel posreduje partnerski trgovini.<\/p>\r\n<p>&#8220;Partner Viksel&#8221; predstavlja posameznika, ki se v skladu s pogoji pogodbe o neodvisnem prodajnem zastopniku Viksel strinja, da je partner Viksel in ki ostane aktiven prodajni partner Viksel v dobrem stanju.<\/p>\r\n<p>&#8220;Pogodba o neodvisnem prodajnem zastopniku Viksel&#8221; pomeni pogodbo (skupaj z vsemi vanjo vklju\u010denimi dolo\u010dili in pogoji) med Viksel in prodajnim partnerjem Viksel, v skladu s katero je tak posameznik imenovan za partnerja Viksel.<\/p>\r\n<p>&#8220;Viksel parfumi in parfumirana kozmetika&#8221; predstavlja izdelke, ki se prodajajo v trgovini Viksel.<\/p>\r\n<p>\r\n&#8220;Viksel parfumi in parfumirana kozmetika&#8221; predstavlja izdelke, ki se prodajajo v trgovini Viksel.<br \/>\r\n \u00bbPartnersko gradivo Viksel\u00ab pomeni vsa besedila, slike, prilagojene ali katere koli druge informacije ali materiale, ki jih objavi partner Viksel na spletnem mestu Viksel Online in Representative Store, ali katero koli drugo gradivo, ki ga partner Viksel sporo\u010di tretji osebi.<\/p>\r\n<p>Partnerska trgovina predstavlja prilagojeno spletno trgovino, za katero vas Viksel poobla\u0161\u010da, da jo ustvarite in upravljate prek Viksel Online, katerega koli spletnega mesta, ki bo naslednik tega spletnega mesta, in vseh storitev, ki jih ponuja prej omenjeno.<\/p>\r\n<p>Skupina VL2022, zastopnik podjetja Viksel pafem, ustanovljenega po slovenski zakonodaji.\r\n\r\n<\/p>\r\n<p>(v nadaljevanju &#8220;Viksel&#8221;, &#8220;mi&#8221; in &#8220;na\u0161&#8221;) si pridr\u017euje pravico, da po lastni presoji ob\u010dasno v celoti ali delno spremeni to pogodbo o reprezentativni trgovini in da vas o tak\u0161ni spremembi obvesti v razumnem roku. pomeni, vklju\u010dno z brez omejitev nalaganjem revidiranega osnutka te partnerske pogodbe na (Viksel Online). Va\u0161a nadaljnja uporaba partnerske trgovine ali ponovni sprejem te pogodbe o reprezentativni trgovini po objavi sprememb pomeni va\u0161e sprejemanje teh sprememb.<\/p>\r\n<p>Partnerska trgovina<\/p>\r\n<p> \u010ce \u017eelite ustvariti in uporabljati lastno partnersko trgovino, se morate strinjati s pogoji pogodbe o reprezentativni trgovini.\r\n\r\n<\/p>\r\n<p>Korist\r\n\r\n<\/p>\r\n<p> \u010ce imate aktivno \u0161tevilko partnerskega ra\u010duna in nimate nepla\u010danih dolgov v zvezi z Vikselom, lahko odprete partnersko trgovino in sprejemate nova naro\u010dila obstoje\u010dih strank.\r\n\r\n<\/p>\r\n<p>\u010ce \u017eelite razvijati svoje podjetje, vam Viksel daje mo\u017enost sprejemanja novih strank prek trgovine Partner Store, \u010de:<\/p>\r\n<p>z Viksel poslujete kot partner;<\/p>\r\n<p>bili aktivni \/ \u017eelite biti aktivni;<\/p>\r\n<p>nima\u0161 dolga do Viksla.<\/p>\r\n<p> Kot priznanje za va\u0161 uspeh kot partner Viksel se lahko predstavljate kot &#8220;priporo\u010deni&#8221; predstavnik, \u010de:<\/p>\r\n<p>z Viksel poslujete kot partner;\r\n<\/p>\r\n<p>ste bili aktivni;<\/p>\r\n<p>Da bi zmanj\u0161ali \u0161tevilo korakov naro\u010danja in naredili postopek naro\u010danja bolj dostopen, \u010de nova stranka prvi\u010d uporablja SPLETNO MESTO Viksel in \u0161e nima partnerja\/mentorja Viksel, bo Viksel stranki na za\u010detku priporo\u010dil partnerja Viksel. . Ta priporo\u010deni Wiksel partner bo identificiran z algoritmom ob upo\u0161tevanju spodaj navedenih objektivnih meril s podrobnostmi o dele\u017eih za vsakega:\r\n<\/p>\r\n<p> Ocena\/priporo\u010dilo stranke<\/p>\r\n<p>Zadovoljstvo na podlagi ustreznih kvalificiranih kriterijev (dol\u017eina sodelovanja, aktivnost kampanje, povpre\u010dna prodaja in odsotnost dolgov)<\/p>\r\n<p>Stranka pa nikakor ni dol\u017ena sprejeti priporo\u010denega Viksel partnerja in \u0161e vedno lahko svobodno kadarkoli in enostavno izbere \u017eelenega Viksel partnerja s klikom na spletno stran Viksel prek mo\u017enosti izbire s seznama alternativnih Viksel neodvisni prodajni zastopniki na svojih obmo\u010djih. Prav tako, \u010de stranka \u017ee ima \u017eelenega partnerja Viksel, se lahko preko njegove povezave registrira in postane partner.<\/p>\r\n<p>Ko se pozneje prijavite v svojo predstavni\u0161ko trgovino, boste od Viksela prejeli obvestilo, \u010de ne izpolnjujete zahtev. V takem primeru je lahko va\u0161a uporaba Reprezentativne trgovine omejena, dokler ponovno ne postanete upravi\u010deni.<\/p>\r\n<p>Viksel si pridr\u017euje pravico, da spremlja va\u0161o partnersko trgovino in vodenje va\u0161ega spletnega poslovanja, da ugotovi skladnost s to pogodbo in katero koli drugo pogodbo med vami in Vikslom (vklju\u010dno, brez omejitev, s pogoji uporabe spletnega mesta in partnersko pogodbo Viksel) in vsemi drugimi Politike in postopki Viksel. \u010ce se ugotovi, da kr\u0161i to pogodbo, lahko Viksel v celoti ali delno spremeni, objavi, odstrani ali blokira dostop do katere koli informacije ali gradiva na ali iz katerega koli dela va\u0161e predstavni\u0161ke trgovine; ali za odvzem va\u0161e pravice do partnerske trgovine.<\/p>\r\n<p> Va\u0161e obveznosti <\/p>\r\n<p>Za zagotovitev, da je va\u0161a uporaba trgovine Partner Store v skladu z vsemi veljavnimi zakoni, pravili in predpisi (vklju\u010dno z Zakonom o varstvu potro\u0161nikov in Zakonom o varstvu osebnih podatkov, vendar ne omejeno nanje);<\/p>\r\n<p>Da boste svoje podjetje Viksel uporabljali na pla\u010dilno sposoben, profesionalen in odgovoren na\u010din;<\/p>\r\n<p> Za izpolnjevanje vseh zadev v zvezi z va\u0161im statusom samozaposlene osebe, vklju\u010dno z ustreznimi registracijami.<\/p>\r\n<p>Da zagotovimo, da je vsa pisna komunikacija v zvezi s poslovanjem Viksla v skladu s &#8220;Pravili ravnanja&#8221;, ki jih najdete v Pogojih in dolo\u010dilih na spletnem mestu, ter je civilizirana, vljudna, profesionalna in poslovna ter v skladu z morebitnimi dodatnimi smernicami Viksla v zvezi z za Viksel Online in njegovo uporabo ali tiste, ki so vam kako druga\u010de posredovani.\r\n\r\n<\/p>\r\n<p>Poslovanje kroz Viksel partenere\r\n\r\n<\/p>\r\n<p>Sami ste odgovorni za vse dejavnosti, ki se izvajajo prek partnerske trgovine Viksel, in jam\u010dite, da so vse informacije, ki jih posredujete v zvezi z uporabo partnerske trgovine Viksel, resni\u010dne, to\u010dne in popolne.\r\n\r\n<\/p>\r\n<p>Svojo trgovino Viksel lahko uporabljate izklju\u010dno za promocijo, ogla\u0161evanje in izvajanje va\u0161ega posla.\r\n\r\n<\/p>\r\n<p>Iz va\u0161e trgovine Viksel ne morete ustvariti ali objaviti povezave do katerega koli drugega mesta ali storitve.<\/p>\r\n<p>Brez vednosti in dovoljenja prejemnika ne smete po\u0161iljati, prena\u0161ati ali kako druga\u010de komunicirati nobenih neza\u017eelenih e-po\u0161tnih sporo\u010dil. Vsako zahtevo za prejemanje va\u0161ih e-po\u0161tnih sporo\u010dil je treba spo\u0161tovati. Ne po\u0161iljajte nobenega gradiva, ki je nezakonito, \u017ealjivo za katero koli osebo, posega v njihovo zasebnost, kr\u0161i katero koli pravico do zasebnosti ali javnosti ali kr\u0161i katero koli blagovno znamko, avtorsko pravico ali druge pravice.<\/p>\r\n<p>\u010ceprav vam ni prepovedano sodelovati pri drugih prodajnih dejavnostih v povezavi z izdelki in storitvami, ki niso Viksel, se strinjate, da ne boste ogla\u0161evali, promovirali ali razpravljali o takih izdelkih, storitvah, poslih, dejavnostih ali podvigih, drugih izdelkih, storitvah, ki niso Vixel. podjetij, dejavnosti ali podjetij ali kakr\u0161nih koli drugih politi\u010dnih interesov, dobrodelnih organizacij ali gibanj v va\u0161i trgovini Vixel ali z uporabo katere koli funkcije, storitve ali dejavnosti, ki jo zagotavlja ali sponzorira Vixel (na primer kakr\u0161ne koli komunikacijske zmogljivosti, ki so na voljo prek va\u0161e predstavni\u0161ke trgovine Vixel, ali nekaterih dejavnosti, ki jih organizira Viksel, na spletu ali izven njega).\r\n\r\n<\/p>\r\n<p>Vabimo vas, da promovirate in ogla\u0161ujete svoje podjetje in svojo trgovino Viksel zunaj spleta, pod pogojem, da se strinjate, da boste izvajali vse promocije zunaj spleta v skladu z na\u010dinom, opisanim v tej pogodbi za zastopnike trgovine Viksel, v skladu z vsemi smernicami za ogla\u0161evanje Viksel in v skladu z vsemi drugimi pogodbo med vami in podjetjem Viksel (vklju\u010dno s pogoji in dolo\u010dili spletnega mesta, zasebnostjo in pogodbo o neodvisnem prodajnem zastopniku podjetja Viksel) ter vsemi drugimi politikami in postopki podjetja Viksel.<\/p>\r\n<p> Va\u0161a predstavni\u0161ka trgovina vklju\u010duje vsebino VIKSEL. Vsebino VIKSEL imamo v lasti mi, na\u0161i sodelavci in\/ali na\u0161i in njihovi dajalci licenc ter dobavitelji. Tak\u0161ne informacije in gradiva so za\u0161\u010diteni z avtorskimi pravicami, blagovnimi znamkami, patenti in\/ali drugimi lastni\u0161kimi pravicami in zakoni. \u010ce sprejmete to pogodbo o partnerski trgovini, lahko vsebino VIKSEL, ki vam jo zagotovi VIKSEL, prikazujete izklju\u010dno prek svoje partnerske trgovine. Tak\u0161nih vsebin VIKSEL ni dovoljeno reproducirati, distribuirati, prilagajati, spreminjati, prena\u0161ati ali izvajati ali jih uporabljati na kakr\u0161en koli drug na\u010din ali za kateri koli drug namen, kot je izrecno naveden v tej pogodbi. Prav tako ni dovoljen najem, zakup, licenciranje,<\/p>\r\n<p> Vsa vsebina partnerja VIKSEL je v tej pogodbi o reprezentativni trgovini ter v pogojih in dolo\u010dilih spletnega mesta predstavljena kot &#8220;predlo\u017eitev&#8221;.<\/p>\r\n<p> Zasnova in struktura VIKSEL Online in vsebine VIKSEL ter drugih informacij in materialov, ki so na voljo prek VIKSEL Online in partnerskih trgovin, se lahko ob\u010dasno spremenijo. VIKSEL si pridr\u017euje pravico do takih sprememb kadarkoli brez predhodnega obvestila.<\/p>\r\n<p>Napotitev strank in dostava<\/p>\r\n<p>Napotitve strank.\r\n\r\n<\/p>\r\n<p>Viksel partner je odgovoren za stalno in pravo\u010dasno zagotavljanje storitev strankam. Stranke lahko kadar koli oddajo naro\u010dilo prek va\u0161e nakupovalne ko\u0161arice na spletnem mestu. Vsa naro\u010dila od vas, va\u0161ih strank ali partnerjev morajo iti prek spletnega mesta. Pojasnilo za naro\u010dila boste dobili v pogovoru z na\u0161o tehni\u010dno podporo.<\/p>\r\n<p>Dostava izdelkov.\r\n\r\n<\/p>\r\n<p>1. Naro\u010dilo je mo\u017eno preko spletne trgovine ali v neposrednem kontaktu s podjetjem VL2022 group doo. Dostava se izvr\u0161i v 5 delovnih dneh od dneva potrditve naro\u010dila. Potrditev naro\u010dila se kupcu dostavi preko elektronske po\u0161te, nato pa se izdelki zapakirajo in po\u0161ljejo na naslov.<\/p>\r\n<p>Naro\u010dila in dobave izdelkov so za nas zelo pomemben posel, zato se bomo trudili, da bomo vsa naro\u010dila prejeli v najkraj\u0161em mo\u017enem \u010dasu ter jih dostavili kupcem v nepo\u0161kodovanem stanju.\r\n\r\n<\/p><p>\u010ce pride do zamude pri dostavi, bomo kupca obvestili o novem roku dostave.<\/p>\r\n<p>\u010ce \u017eeli kupec spremeniti podrobnosti naro\u010dila, lahko to stori preko elektronske po\u0161te info@viksel.rs. Spremembe naro\u010dila so mo\u017ene le, \u010de izdelki \u0161e niso bili poslani na naslov.\r\n\r\n<\/p>\r\n<p>Viksel promocije. Va\u0161a stranka ima pravico sodelovati v promocijskih akcijah, ki jih Viksel ob\u010dasno objavi, z uporabo promocijskih kod, ki jih je mogo\u010de zamenjati. V tem primeru se partner zavezuje, da bo v sodelovanju z Vikselom zagotovil spo\u0161tovanje pogojev promocije in pravo\u010dasno dostavo promocijskih izdelkov kupcem. Viksel bo zagotovil promocijske izdelke brez dodatnih stro\u0161kov za partnerja.\r\n\r\n<\/p>\r\n<p> Varstvo podatkov in komunikacije\r\n<\/p>\r\n<p>Va\u0161i osebni podatki.\r\n\r\n<\/p>\r\n<p>Viksel ceni zasebnost svojih strank in se zavezuje k varovanju njihovih osebnih podatkov, saj so za nas zelo pomembni. Na\u0161a politika zasebnosti opisuje, kako zbiramo, uporabljamo in varujemo osebne podatke strank v skladu z veljavnimi zakoni in predpisi o varstvu podatkov. Va\u0161ih osebnih podatkov ne bomo posredovali tretjim osebam brez va\u0161ega izrecnega soglasja. Va\u0161i osebni podatki bodo uporabljeni samo za namene izpolnitve naro\u010dila. Ti podatki vklju\u010dujejo ime, priimek, naslov, telefonsko \u0161tevilko, e-po\u0161to, podatke o kreditni kartici itd.\r\n\r\n<\/p>\r\n<p> Kako uporabljamo informacije, ki jih zbiramo? &#8211; Vsi kupci pustijo osebne podatke, da lahko obdelamo njihova naro\u010dila in jim nudimo podporo pri nakupu \u017eelenih izdelkov. Podatke o strankah je mogo\u010de uporabiti tudi za po\u0161iljanje tr\u017enih obvestil in promocij, \u010de ste se prijavili na prejemanje takih obvestil.\r\n\r\n<\/p>\r\n<p> Kako varujemo va\u0161e podatke? &#8211; Imamo varnostne ukrepe, ki so v skladu z veljavno zakonodajo o varstvu podatkov. Podatki so \u0161ifrirani zaradi prepre\u010devanja nepoobla\u0161\u010denega dostopa, dostop do osebnih podatkov pa imajo le poobla\u0161\u010dene osebe v na\u0161em podjetju.\r\n\r\n<\/p>\r\n<p>Varovanje zasebnosti je, \u0161e enkrat poudarjam, izjemno pomembno v poslu. Stranke so lahko prepri\u010dane, da bodo vsi njihovi osebni podatki pri nas ostali na varnem! Za vsa dodatna vpra\u0161anja smo vam na voljo pisno na info@viksel.com\r\n\r\n<\/p>\r\n<p>Podatki o stranki\/kontaktu.\r\n\r\n<\/p>\r\n<p>Osebe, ki vam posredujejo svoje podatke (\u00bbkontakti\u00ab) in\/ali kupci, ki kupujejo izdelke Viksel prek va\u0161e trgovine (\u00bbkupci\u00ab), imajo dolo\u010dena pri\u010dakovanja glede zasebnosti svojih podatkov. Zato se strinjate, da boste vse podatke, ki omogo\u010dajo osebno identifikacijo, in druge podatke o strankah in stikih (\u00bbpodatki o stranki\/kontaktu\u00ab) ohranili kot strogo zaupne; ne uporabljajte podatkov o strankah\/kontaktov za noben drug namen kot za izpolnjevanje naro\u010dil strank in komuniciranje s strankami in stiki v zvezi s poslovanjem Viksel; nobenih podatkov o stranki\/kontakta ne razkrijete nobeni tretji osebi, posami\u010dno ali kot skupina (na primer v obliki seznama strank); spo\u0161tujete zahtevo strank ali stikov, da odstranite njihove podatke o strankah\/kontaktih s platforme Viksel Online in\/ali da ste izklju\u010deni iz komunikacije, ki se je za\u010dela ali spro\u017eila prek Viksel Online. ravnati z vsemi podatki o strankah\/kontaktih v skladu z vsemi veljavnimi zakoni, pravili in predpisi. Viksel si pridr\u017euje pravico, da izpolni katero koli zahtevo stranke ali stika, da odstrani njihove podatke o strankah\/kontaktih s platforme Viksel Online ali jih izklju\u010di iz nadaljnje komunikacije.\r\n\r\n<\/p>\r\n<p>Strinjate se, da ne boste po\u0161iljali, prena\u0161ali ali kako druga\u010de posredovali kakr\u0161nega koli neza\u017eelenega e-po\u0161tnega sporo\u010dila v zvezi z Viksel nobenemu posamezniku brez njegove\/njene predhodne vednosti in soglasja ali na kakr\u0161en koli drug na\u010din, ki bi kr\u0161il kateri koli zakon, pravilo ali predpis. Brez omejevanja zgoraj navedenega: \u010de katera koli stranka, stik, \u010dlan &#8220;linije&#8221;, potencialna stranka, drug Viksel partner, znanec in\/ali drug posameznik zahteva odstranitev z va\u0161ega e-po\u0161tnega seznama Viksel, se strinjate, da boste o tak\u0161ni zahtevi obvestili Viksel brez zamudo (v vsakem primeru v 48 urah po prejemu tak\u0161ne zahteve) in po tem ne po\u0161iljate, prena\u0161ati ali druga\u010de sporo\u010dati kakr\u0161na koli e-po\u0161tna sporo\u010dila takemu posamezniku brez njegove\/njene predhodne vednosti ali soglasja; in se strinjate, da ne boste distribuirali komunikacij Viksel prek novi\u010darskih skupin ali prena\u0161ali neza\u017eelenih e-po\u0161tnih sporo\u010dil Viksel posameznikom, ki uporabljajo kupljene po\u0161tne sezname, povratne imenike ali druge sezname, brez njihove predhodne vednosti in soglasja.\r\n\r\n<\/p>\r\n<p>Z ustvarjanjem va\u0161e spletne trgovine Viksel se strinjate, da vas Viksel obve\u0161\u010da o strankah in kontaktih prek besedilnih sporo\u010dil (SMS) na va\u0161 mobilni telefon in prek drugih komunikacijskih kanalov, ki jih Viksel obi\u010dajno uporablja za stik z vami.\r\n\r\n<\/p>\r\n<p>Splo\u0161no.<\/p>\r\n<p> Viksel si pridr\u017euje pravico, da revidira va\u0161o zastopni\u0161ko trgovino in vodenje va\u0161ega spletnega poslovanja Viksel, da preveri skladnost s to pridru\u017eeno pogodbo in katero koli drugo pogodbo med vami in Vikselom (vklju\u010dno s pogoji in dolo\u010dili spletnega mesta ter vsemi drugimi pravili in postopki Viksel, vendar ne omejeno nanje). se ugotovi, da kr\u0161ijo to partnersko pogodbo, lahko Viksel spremeni, objavi, odstrani ali blokira dostop do katerih koli informacij ali materialov v delni ali celotni va\u0161i partnerski trgovini ali prekine va\u0161o pravico do lastni\u0161tva spletne trgovine.\r\n\r\n<\/p>\r\n<p> Vendar, \u010de se odlo\u010dite za preklic spletne trgovine Affiliate, bo Viksel izbrisal vse podatke o strankah in kontaktih, ki ste jih zbrali in shranili v trgovini Affiliate, v skladu z na\u0161imi Pogoji in dolo\u010dili spletnega mesta ter Politiko zasebnosti.\r\n\r\n<\/p>\r\n<p>Viksel si pridr\u017euje pravico, da kadar koli in brez predhodnega obvestila spremeni pogoje te pogodbe o partnerski trgovini. \u010ce se s spremembami ne strinjate, imate pravico do preklica trgovine Partner Store v 15 dneh od dneva obvestila o spremembah. Nadaljnja uporaba Representative Store po 15-dnevnem obdobju pomeni, da se strinjate s spremenjenimi pogoji.\r\n\r\n<\/p>\r\n<p>Zavedajte se, da je va\u0161e spo\u0161tovanje te pogodbe o partnerski trgovini bistveno za ohranjanje integritete in ugleda podjetja Viksel. Hvala, ker ste del ekipe Viksel, in hvala, ker se kot Viksel partner trudite ustvariti uspe\u0161no in eti\u010dno podjetje.\r\n\r\n<\/p>\r\n<p>Pod nobenim pogojem Viksel ne bo odgovoren za kakr\u0161no koli naklju\u010dno, posredno, izgubo dobi\u010dka, posebno ali posledi\u010dno \u0161kodo, ki bi nastala zaradi uporabe ali nezmo\u017enosti uporabe Viksel Online in\/ali trgovine zastopnika, tudi \u010de je Viksel ali poobla\u0161\u010deni zastopnik Viksla seznanjen z mo\u017enost nastanka tak\u0161ne \u0161kode. Veljavna zakonodaja morda ne dovoljuje omejitve ali izklju\u010ditve odgovornosti ali naklju\u010dne ali posledi\u010dne \u0161kode, zato zgornja omejitev ali izklju\u010ditev morda ne velja za vas. Skupna odgovornost podjetja Viksel do vas v nobenem primeru ne bo presegla zneska, ki ste ga pla\u010dali, \u010de sploh, za uporabo ali dostop do trgovin Viksel Online in\/ali partnerskih trgovin.\r\n\r\n<\/p>\r\n<p> <strong>Zavrnitev odgovornosti.<\/strong><\/p>\r\n<p> Viksel Online je na voljo &#8220;tak\u0161en kot je&#8221; brez kakr\u0161nih koli jamstev, izrecnih ali implicitnih, vklju\u010dno z implicitnimi jamstvi lastni\u0161tva, zadovoljive kakovosti in primernosti za dolo\u010den namen, vendar ne omejeno nanje. Viksel ne daje nobenih jamstev glede to\u010dnosti, zanesljivosti, pravo\u010dasnosti ali kompetentnosti katerega koli gradiva, ki se nahaja ali je dostopno prek Viksel Online. Vsakr\u0161no zana\u0161anje na tak\u0161no gradivo ali njegovo uporabo je izklju\u010dno na lastno odgovornost. VIKSEL ne jam\u010di, da je Viksel Online na voljo redno ali da bo brez prekinitev ali napak, da bodo napake odpravljene ali da Viksel Online in stre\u017eniki, na katerih se nahaja, ne vsebujejo virusov in drugih \u0161kodljivih komponent. Veljavna zakonodaja lahko izklju\u010duje tak\u0161na implicitna jamstva, zato zgornja izklju\u010ditev za vas ne velja.\r\n\r\n<\/p>\r\n<p><strong>Veljavni zakon<\/strong><\/p>\r\n<p> Za pogodbo o trgovini Viksel veljajo zakoni Republike Srbije, ne glede na kolizije pravnih na\u010del. Strinjate se, da bo kakr\u0161en koli spor ali zahtevek, ki izhaja iz te pogodbe v zvezi s trgovino Viksel ali va\u0161im dostopom do ali uporabo spletnega mesta Viksel Online, re\u0161evan samo na pristojnih sodi\u0161\u010dih v Republiki Sloveniji.\r\n\r\n<\/p>\r\n<p> Contract \u00a9 2023 VL, parfumi, d.o.o doo Ljubljana. Vse pravice pridr\u017eane.\r\n\r\n\r\n <\/p>\r\n<p>Uradni pogled upravljavca spletne strani:\r\n\r\n<\/p>\r\n<p>VL, parfumi, d.o.o Headquarters: Stegne 25A, 1000 Ljubljana <\/p>\r\n<p> Company registration number: 9296140000<\/p>\r\n<p>  Tax identification number: 113428937<\/p>\r\n\r\n\t\t\n<style>\n#text-3875964429 {\n  text-align: left;\n}\n<\/style>\n\t<\/div>\n\t\n\n\t\t<\/div>\n\t\t\t\t\t<\/div>\n\n\t\n\n\t<div id=\"col-388143991\" class=\"col medium-4 small-12 large-4\"  >\n\t\t<div class=\"is-sticky-column\"><div class=\"is-sticky-column__inner\">\t\t<div class=\"col-inner text-left box-shadow-2 box-shadow-5-hover\" style=\"background-color:rgb(255, 255, 255);\" >\n\t\t\t\n\t\t\t\n\n<ul class=\"sidebar-wrapper ul-reset\"><aside id=\"custom_html-2\" class=\"widget_text widget widget_custom_html\"><div class=\"textwidget custom-html-widget\"><ul>\r\n\t<li><a href=\"https:\/\/viksel.com\/sl\/varnost-nasih-izdelkov\/\">Varnost na\u0161ih izdelkov<\/a><\/li>\r\n<li><a href=\"https:\/\/viksel.com\/sl\/splosni-pogoji-prodaje\/\">Splo\u0161ni pogoji prodaje<\/a><\/li>\r\n<li><a href=\"https:\/\/viksel.com\/sl\/kako-narociti\/\">Kako naro\u010diti?<\/a><\/li>\r\n<li><a href=\"https:\/\/viksel.com\/sl\/vracila-in-reklamacije\/\">Vra\u010dila in reklamacije<\/a><\/li>\r\n<li><a href=\"https:\/\/viksel.com\/sl\/nacini-dostave\/\">Na\u010dini dostave<\/a><\/li>\r\n<\/ul><\/div><\/aside><\/ul>\n\n\n\t\t<\/div>\n\t\t<\/div><\/div>\t\t\n<style>\n#col-388143991 > .is-sticky-column > .is-sticky-column__inner > .col-inner {\n  padding: 15px 15px 15px 15px;\n}\n<\/style>\n\t<\/div>\n\n\t\n\n<\/div>\n\n\t\t<\/div>\n\n\t\t\n<style>\n#section_2103681593 {\n  padding-top: 59px;\n  padding-bottom: 59px;\n  min-height: 300px;\n  background-color: rgb(48, 147, 177);\n}\n#section_2103681593 .section-bg-overlay {\n  background-color: rgba(0, 0, 0, 0.64);\n}\n<\/style>\n\t<\/section>\n\t","protected":false},"excerpt":{"rendered":"Varnost na\u0161ih izdelkov VARNOST, KAKOVOST IN U\u010cINKOVITOST, KI TRAJA VL2022 group doo v nadaljevanju (\"Viksel\" ali \"mi\") Prizadevamo si ponuditi varne in u\u010dinkovite izdelke in smo ponosni na njihovo stalno varnost. V podjetju Viksel po vsem svetu uporabljamo enake univerzalne standarde kakovosti in varnosti ter v celoti upo\u0161tevamo vse predpise pristojnih institucij, ki nadzorujejo sestavine [...]","protected":false},"author":1,"featured_media":0,"parent":0,"menu_order":0,"comment_status":"closed","ping_status":"closed","template":"","meta":{"footnotes":""},"class_list":["post-10531","page","type-page","status-publish","hentry"],"_links":{"self":[{"href":"https:\/\/viksel.com\/sl\/wp-json\/wp\/v2\/pages\/10531","targetHints":{"allow":["GET"]}}],"collection":[{"href":"https:\/\/viksel.com\/sl\/wp-json\/wp\/v2\/pages"}],"about":[{"href":"https:\/\/viksel.com\/sl\/wp-json\/wp\/v2\/types\/page"}],"author":[{"embeddable":true,"href":"https:\/\/viksel.com\/sl\/wp-json\/wp\/v2\/users\/1"}],"replies":[{"embeddable":true,"href":"https:\/\/viksel.com\/sl\/wp-json\/wp\/v2\/comments?post=10531"}],"version-history":[{"count":1,"href":"https:\/\/viksel.com\/sl\/wp-json\/wp\/v2\/pages\/10531\/revisions"}],"predecessor-version":[{"id":10532,"href":"https:\/\/viksel.com\/sl\/wp-json\/wp\/v2\/pages\/10531\/revisions\/10532"}],"wp:attachment":[{"href":"https:\/\/viksel.com\/sl\/wp-json\/wp\/v2\/media?parent=10531"}],"curies":[{"name":"wp","href":"https:\/\/api.w.org\/{rel}","templated":true}]}}