{"id":12342,"date":"2023-01-31T15:49:34","date_gmt":"2023-01-31T13:49:34","guid":{"rendered":"https:\/\/viksel.com\/product\/parfem-inspiriran-louis-vuitton-attrape-reves-vl-xxiii-100ml\/"},"modified":"2023-09-21T15:39:19","modified_gmt":"2023-09-21T13:39:19","slug":"parfem-inspiriran-by-louis-vuitton-attrape-reves-vl-xxiii-100ml","status":"publish","type":"product","link":"https:\/\/viksel.com\/hr\/proizvod\/parfem-inspiriran-by-louis-vuitton-attrape-reves-vl-xxiii-100ml\/","title":{"rendered":"Parfem inspiriran Louis Vuitton Attrape-reves \u2013 VL XXIII \u2013 (100ml)"},"content":{"rendered":"<p>Parfem VL XXIII je luksuzan miris koji vas transportira u svijet elegancije i sofisticiranosti. Njegov o\u010daravaju\u0107i miris odaje po\u010dast iznimnoj kvaliteti i izradi brenda Louis Vuitton, jer bilje\u017ei bit svog kultnog mirisa, &#8220;Attrape R\u00eaves&#8221;.<\/p>\n<p>Miris se otvara praskom preslatkog bergamota, upotpunjenog svje\u017einom mandarine i tangy koricom grejpa. Note srca simfonija su cvjetnih i za\u010dinskih akorda, a jasmin, ru\u017ea i ru\u017ei\u010dasti papar stvaraju blistavo mirisno iskustvo. Bazne note vanilije, mo\u0161usa i pa\u010dulija daju mirisu toplu, senzualnu auru, obavijaju\u0107i vas neodoljivim zagrljajem.<\/p>\n<p>Opis mirisa VL XXIII nepogre\u0161ivo podsje\u0107a na &#8220;Attrape R\u00eaves&#8221;, a lako je vidjeti i za\u0161to. Oba mirisa dijele iste gornje note, note srca i bazne note, \u0161to ih \u010dini gotovo identi\u010dnim mirisom. Jedina razlika je branding, s Perfume VL XXIII ugostiteljstvom na drugom tr\u017ei\u0161tu, zadr\u017eavaju\u0107i istu kvalitetu i luksuz po kojem je Louis Vuitton poznat.<\/p>\n<p>Ako ste ljubitelj &#8220;Attrape R\u00eaves&#8221;, onda je Perfume VL XXIII savr\u0161en miris za vas. Odi\u0161e istom klasom i elegancijom, omogu\u0107uju\u0107i vam da se prepustite iskustvu Louis Vuittona bez razbijanja banke. Bilo da tra\u017eite miris s potpisom za posebnu prigodu ili svakodnevni miris, Perfume VL XXIII vas je pokrio.<\/p>\n<p><strong>INCI sastojci \/ ingredients:<\/strong><\/p>\n<p>ALCOHOL DENAT., PARFUM, AQUA, ETHYLHEXYL METHOXYCINNAMATE, ETHYLHEXYL SALICYLATE, BUTYL METHOXYDIBENZOYLMETHANE, BHT, ANISE ALCOHOL*, BENZOIC ACID, AMYL CINNAMAL*, BENZYL BENZOATE*, BENZYL SALICYLATE*, CITRAL*, CITRONELLOL*, COUMARIN*, GERANIOL*, HEXYL CINNAMAL*, HYDROXYCITRONELLAL*, LIMONENE*, LINALOOL*<br \/>\n* sastav parfema \/ ingredient of perfume<\/p>\n","protected":false},"excerpt":{"rendered":"<p><strong>O\u010daravaju\u0107e, luksuzno, izvrsno, primamljivo, sjajno, rasko\u0161no, rasko\u0161no, veli\u010danstveno.<\/strong><br \/>\nGornje note: bergamot, mandarina, ru\u017ei\u010dasti papar<br \/>\nNote srca: Ru\u017ea, Jasmin, Cvijet naran\u010de<br \/>\nBazne note: pa\u010duli, vanilija, bijeli mo\u0161us<\/p>\n","protected":false},"featured_media":12343,"template":"","meta":[],"product_cat":[1153],"product_tag":[],"class_list":{"0":"post-12342","1":"product","2":"type-product","3":"status-publish","4":"has-post-thumbnail","6":"product_cat-perfumes-sr-hr","8":"first","9":"instock","10":"shipping-taxable","11":"purchasable","12":"product-type-simple"},"bundled_by":[],"bundle_stock_status":"instock","bundle_stock_quantity":25,"bundle_virtual":false,"bundle_layout":"","bundle_add_to_cart_form_location":"","bundle_editable_in_cart":false,"bundle_sold_individually_context":"","bundle_item_grouping":"","bundle_min_size":"","bundle_max_size":"","bundled_items":[],"bundle_sell_ids":[],"_links":{"self":[{"href":"https:\/\/viksel.com\/hr\/wp-json\/wp\/v2\/product\/12342","targetHints":{"allow":["GET"]}}],"collection":[{"href":"https:\/\/viksel.com\/hr\/wp-json\/wp\/v2\/product"}],"about":[{"href":"https:\/\/viksel.com\/hr\/wp-json\/wp\/v2\/types\/product"}],"wp:featuredmedia":[{"embeddable":true,"href":"https:\/\/viksel.com\/hr\/wp-json\/wp\/v2\/media\/12343"}],"wp:attachment":[{"href":"https:\/\/viksel.com\/hr\/wp-json\/wp\/v2\/media?parent=12342"}],"wp:term":[{"taxonomy":"product_cat","embeddable":true,"href":"https:\/\/viksel.com\/hr\/wp-json\/wp\/v2\/product_cat?post=12342"},{"taxonomy":"product_tag","embeddable":true,"href":"https:\/\/viksel.com\/hr\/wp-json\/wp\/v2\/product_tag?post=12342"}],"curies":[{"name":"wp","href":"https:\/\/api.w.org\/{rel}","templated":true}]}}