{"id":12332,"date":"2023-01-31T15:49:35","date_gmt":"2023-01-31T13:49:35","guid":{"rendered":"https:\/\/viksel.com\/product\/parfem-inspiriran-le-labo-santal-33-vl-xxx-100ml\/"},"modified":"2023-12-22T18:05:14","modified_gmt":"2023-12-22T16:05:14","slug":"parfem-inspiriran-by-le-labo-santal-33-vl-xxx-100ml","status":"publish","type":"product","link":"https:\/\/viksel.com\/hr\/proizvod\/parfem-inspiriran-by-le-labo-santal-33-vl-xxx-100ml\/","title":{"rendered":"Parfem inspiriran Le Labo Santal 33 \u2013 VL XXX \u2013 (100ml)"},"content":{"rendered":"<p>Parfem VL XXX ima topao i drvenast miris koji odi\u0161e zrakom profinjenosti i profinjenosti. Njegove gornje note kardamoma, irisa i ljubi\u010dice ustupaju mjesto srcu australske sandalovine i papirusa, stvaraju\u0107i bogatu i opojnu aromu. Osnovne note kedrovine i ko\u017ee dodaju dubinu i slo\u017eenost, dok da\u0161ak vanilije daje da\u0161ak slatko\u0107e.<\/p>\n<p>Oni koji su upoznati s Le Labovom &#8220;Santal 33&#8221; odmah \u0107e prepoznati sli\u010dnost izme\u0111u dva mirisa. Obje se mogu pohvaliti slo\u017eenom mje\u0161avinom sandalovine i drugih drvenih nota, s dozom za\u010dina i cvjetnih podtonova. Me\u0111utim, Perfume VL XXX izdvaja se jedinstvenom kombinacijom irisa i ko\u017ee, \u0161to mirisu dodaje izrazitu dubinu i bogatstvo.<\/p>\n<p>Sve u svemu, Perfume VL XXX je luksuzan i privla\u010dan miris koji \u0107e zasigurno okrenuti glavu i ostaviti trajan dojam. Njegova sli\u010dnost s &#8220;Santalom 33&#8221; je neporeciva, ali njegova jedinstvena mje\u0161avina sastojaka daje mu karakter i identitet.<\/p>\n<p>&nbsp;<\/p>\n<p><strong>INCI sastojci \/ ingredients:<\/strong><\/p>\n<p>ALCOHOL DENAT., PARFUM, AQUA, ETHYLHEXYL METHOXYCINNAMATE, ETHYLHEXYL SALICYLATE, BUTYL METHOXYDIBENZOYLMETHANE, BHT, ANISE ALCOHOL*, FARNESOL*, GERANIOL*, LIMONENE*, LINALOOL*<br \/>\n* sastav parfema \/ ingredient of perfume<\/p>\n","protected":false},"excerpt":{"rendered":"<p><strong>bogata, drvenasta, kremasta, za\u010dinjena, zemljana, senzualna<\/strong><br \/>\nGornje note: Kardamom, Iris, Violet<br \/>\nNote srca: ko\u017ea, sandalovina, \u010dempres<br \/>\nOsnovne note: jantar, mo\u0161us, cibetka<\/p>\n","protected":false},"featured_media":12333,"template":"","meta":[],"product_cat":[1153],"product_tag":[],"class_list":{"0":"post-12332","1":"product","2":"type-product","3":"status-publish","4":"has-post-thumbnail","6":"product_cat-perfumes-sr-hr","8":"first","9":"instock","10":"shipping-taxable","11":"purchasable","12":"product-type-simple"},"bundled_by":[],"bundle_stock_status":"instock","bundle_stock_quantity":24,"bundle_virtual":false,"bundle_layout":"","bundle_add_to_cart_form_location":"","bundle_editable_in_cart":false,"bundle_sold_individually_context":"","bundle_item_grouping":"","bundle_min_size":"","bundle_max_size":"","bundled_items":[],"bundle_sell_ids":[],"_links":{"self":[{"href":"https:\/\/viksel.com\/hr\/wp-json\/wp\/v2\/product\/12332","targetHints":{"allow":["GET"]}}],"collection":[{"href":"https:\/\/viksel.com\/hr\/wp-json\/wp\/v2\/product"}],"about":[{"href":"https:\/\/viksel.com\/hr\/wp-json\/wp\/v2\/types\/product"}],"wp:featuredmedia":[{"embeddable":true,"href":"https:\/\/viksel.com\/hr\/wp-json\/wp\/v2\/media\/12333"}],"wp:attachment":[{"href":"https:\/\/viksel.com\/hr\/wp-json\/wp\/v2\/media?parent=12332"}],"wp:term":[{"taxonomy":"product_cat","embeddable":true,"href":"https:\/\/viksel.com\/hr\/wp-json\/wp\/v2\/product_cat?post=12332"},{"taxonomy":"product_tag","embeddable":true,"href":"https:\/\/viksel.com\/hr\/wp-json\/wp\/v2\/product_tag?post=12332"}],"curies":[{"name":"wp","href":"https:\/\/api.w.org\/{rel}","templated":true}]}}