{"id":12330,"date":"2023-01-31T15:49:35","date_gmt":"2023-01-31T13:49:35","guid":{"rendered":"https:\/\/viksel.com\/product\/parfem-inspiriran-louis-vuitton-contre-moi-vl-xxix-100ml\/"},"modified":"2023-12-24T22:32:42","modified_gmt":"2023-12-24T20:32:42","slug":"parfem-inspiriran-by-louis-vuitton-contre-moi-vl-xxix-100ml","status":"publish","type":"product","link":"https:\/\/viksel.com\/hr\/proizvod\/parfem-inspiriran-by-louis-vuitton-contre-moi-vl-xxix-100ml\/","title":{"rendered":"Parfem inspiriran Louis Vuitton Contre moi \u2013 VL XXIX \u2013 (100ml)"},"content":{"rendered":"<p>Parfem VL XXIX ima bogatu i zadivljuju\u0107u aromu koja \u0107e vas ostaviti o\u010daravaju\u0107ima. Sa svojim slatkim i primamljivim notama vanilije, jasmina i kru\u0161ke, ovaj miris je pravi u\u017eitak za osjetila. Nota vanilije je topla i kremasta, pru\u017eaju\u0107i glatku i utje\u0161nu aromu koja vas obavija senzualnim zagrljajem. Nota jasmina dodaje cvjetni \u0161tih, stvaraju\u0107i sofisticiran i \u017eenstven miris koji je istovremeno elegantan i zavodljiv. U me\u0111uvremenu, nota kru\u0161ke daje vo\u0107ni zaokret koji mirisu dodaje razigran i mladolik karakter.<\/p>\n<p>Ovaj primamljivi miris podsje\u0107a na vrlo tra\u017eeni Louis Vuitton &#8220;Contre moi&#8221; parfem, poznat po ukusnoj aromi vanilije i cvjetnim notama. Zapravo, ako ste ljubitelj &#8220;Contre moi&#8221;, sigurno \u0107ete se zaljubiti u Perfume VL XXIX. Njegov sli\u010dan mirisni profil pru\u017ea suptilan nagovje\u0161taj presti\u017enog identiteta Louis Vuittona.<\/p>\n<p>&nbsp;<\/p>\n<p><strong>INCI sastojci \/ ingredients: <\/strong><\/p>\n<p>ALCOHOL DENAT., PARFUM, AQUA, ETHYLHEXYL METHOXYCINNAMATE, ETHYLHEXYL SALICYLATE, BUTYL METHOXYDIBENZOYLMETHANE, BHT, ANISE ALCOHOL*, METHYL BENZOATE, BENZOIC ACID, ANISE ALCOHOL*, BENZYL BENZOATE*, CITRAL*, CITRONELLOL*, EUGENOL*, FARNESOL*, GERANIOL*, ISOEUGENOL*, LIMONENE*, LINALOOL*<br \/>\n* sastav parfema \/ ingredient of perfume<\/p>\n","protected":false},"excerpt":{"rendered":"<p><strong>Primamljivo, zadivljuju\u0107e, o\u010daravaju\u0107e, o\u010daravaju\u0107e, zavodljivo, neodoljivo, magnetsko, zamamno, provokativno, primamljivo.<\/strong><br \/>\nGornje note: bergamot, mandarina, ru\u017ei\u010dasti papar<br \/>\nNote srca: Rose, Jasmine, Ylang-Ylang<br \/>\nBazne note: Patchouli, Vanilija, Mo\u0161us<\/p>\n","protected":false},"featured_media":12331,"template":"","meta":[],"product_cat":[1153],"product_tag":[],"class_list":{"0":"post-12330","1":"product","2":"type-product","3":"status-publish","4":"has-post-thumbnail","6":"product_cat-perfumes-sr-hr","8":"first","9":"instock","10":"shipping-taxable","11":"purchasable","12":"product-type-simple"},"bundled_by":[],"bundle_stock_status":"instock","bundle_stock_quantity":23,"bundle_virtual":false,"bundle_layout":"","bundle_add_to_cart_form_location":"","bundle_editable_in_cart":false,"bundle_sold_individually_context":"","bundle_item_grouping":"","bundle_min_size":"","bundle_max_size":"","bundled_items":[],"bundle_sell_ids":[],"_links":{"self":[{"href":"https:\/\/viksel.com\/hr\/wp-json\/wp\/v2\/product\/12330","targetHints":{"allow":["GET"]}}],"collection":[{"href":"https:\/\/viksel.com\/hr\/wp-json\/wp\/v2\/product"}],"about":[{"href":"https:\/\/viksel.com\/hr\/wp-json\/wp\/v2\/types\/product"}],"wp:featuredmedia":[{"embeddable":true,"href":"https:\/\/viksel.com\/hr\/wp-json\/wp\/v2\/media\/12331"}],"wp:attachment":[{"href":"https:\/\/viksel.com\/hr\/wp-json\/wp\/v2\/media?parent=12330"}],"wp:term":[{"taxonomy":"product_cat","embeddable":true,"href":"https:\/\/viksel.com\/hr\/wp-json\/wp\/v2\/product_cat?post=12330"},{"taxonomy":"product_tag","embeddable":true,"href":"https:\/\/viksel.com\/hr\/wp-json\/wp\/v2\/product_tag?post=12330"}],"curies":[{"name":"wp","href":"https:\/\/api.w.org\/{rel}","templated":true}]}}