{"id":12328,"date":"2023-01-31T15:49:35","date_gmt":"2023-01-31T13:49:35","guid":{"rendered":"https:\/\/viksel.com\/product\/parfem-inspiriran-vihelm-parfumerie-poets-of-berlin-vl-xxviii-100ml\/"},"modified":"2024-10-23T22:48:02","modified_gmt":"2024-10-23T20:48:02","slug":"parfem-inspiriran-by-vihelm-parfumerie-poets-of-berlin-vl-xxviii-100ml","status":"publish","type":"product","link":"https:\/\/viksel.com\/hr\/proizvod\/parfem-inspiriran-by-vihelm-parfumerie-poets-of-berlin-vl-xxviii-100ml\/","title":{"rendered":"Parfem inspiriran Vihelm parfumerie Poets of Berlin \u2013 VL XXVIII \u2013 (100ml)"},"content":{"rendered":"<p>Parfem VL XXVIII zadivljuju\u0107i je miris koji do\u010darava romanti\u010dni i umjetni\u010dki duh Berlina. S mje\u0161avinom cvjetnih i drvenih nota, ovaj miris prenosi vas na \u017eivopisne ulice grada u kojima su nekada lutali pjesnici i umjetnici.<\/p>\n<p>Nagovje\u0161taji bergamota i crnog papra do\u010dekuju vas toplom i za\u010dinjenom dobrodo\u0161licom, dok je srce mirisa bogat buket bugarske ru\u017ee i samca jasmina, stvaraju\u0107i nje\u017enu, ali sna\u017enu cvjetnu aromu. Bazne note sandalovine i pa\u010dulija daju mirisnu dubinu i intenzitet, stvaraju\u0107i trajan dojam na osjetila.<\/p>\n<p>Ovaj primamljivi miris dijeli isti mirisni profil kao i Vilhelmovi &#8220;Poets of Berlin&#8221;, miris koji odaje po\u010dast intelektualnom i kulturnom sredi\u0161tu njema\u010dke prijestolnice. Zajedni\u010dke note ru\u017ee i jasmina u oba mirisa stvaraju vezu s pjesnicima i umjetnicima koji su nekada lutali ulicama Berlina, nadahnjuju\u0107i generacije koje dolaze.<\/p>\n<p>&nbsp;<\/p>\n<p><strong>INCI sastojci \/ ingredients: <\/strong><\/p>\n<p>ALCOHOL DENAT., PARFUM, AQUA, ETHYLHEXYL METHOXYCINNAMATE, ETHYLHEXYL SALICYLATE, BUTYL METHOXYDIBENZOYLMETHANE, BHT, ANISE ALCOHOL*, METHYL BENZOATE, ETHYL BENZOATE, BENZYL SALICYLATE*, CITRAL*, CITRONELLOL*, LIMONENE*<br \/>\n* sastav parfema \/ ingredient of perfume<\/p>\n","protected":false},"excerpt":{"rendered":"<p><strong>\u017divahan, inovativan, kreativan<\/strong><br \/>\nGornje note: bergamot, limun, mandarina<br \/>\nNote srca: Ru\u017ea, Jasmine, Violet<br \/>\nBazne note: Amber, Musk, Patchouli<\/p>\n","protected":false},"featured_media":12329,"template":"","meta":[],"product_cat":[1153],"product_tag":[],"class_list":{"0":"post-12328","1":"product","2":"type-product","3":"status-publish","4":"has-post-thumbnail","6":"product_cat-perfumes-sr-hr","8":"first","9":"outofstock","10":"shipping-taxable","11":"purchasable","12":"product-type-simple"},"bundled_by":[],"bundle_stock_status":"outofstock","bundle_stock_quantity":0,"bundle_virtual":false,"bundle_layout":"","bundle_add_to_cart_form_location":"","bundle_editable_in_cart":false,"bundle_sold_individually_context":"","bundle_item_grouping":"","bundle_min_size":"","bundle_max_size":"","bundled_items":[],"bundle_sell_ids":[],"_links":{"self":[{"href":"https:\/\/viksel.com\/hr\/wp-json\/wp\/v2\/product\/12328","targetHints":{"allow":["GET"]}}],"collection":[{"href":"https:\/\/viksel.com\/hr\/wp-json\/wp\/v2\/product"}],"about":[{"href":"https:\/\/viksel.com\/hr\/wp-json\/wp\/v2\/types\/product"}],"wp:featuredmedia":[{"embeddable":true,"href":"https:\/\/viksel.com\/hr\/wp-json\/wp\/v2\/media\/12329"}],"wp:attachment":[{"href":"https:\/\/viksel.com\/hr\/wp-json\/wp\/v2\/media?parent=12328"}],"wp:term":[{"taxonomy":"product_cat","embeddable":true,"href":"https:\/\/viksel.com\/hr\/wp-json\/wp\/v2\/product_cat?post=12328"},{"taxonomy":"product_tag","embeddable":true,"href":"https:\/\/viksel.com\/hr\/wp-json\/wp\/v2\/product_tag?post=12328"}],"curies":[{"name":"wp","href":"https:\/\/api.w.org\/{rel}","templated":true}]}}