{"id":12312,"date":"2023-03-07T23:40:00","date_gmt":"2023-03-07T21:40:00","guid":{"rendered":"https:\/\/viksel.com\/product\/premium-parfem-inspiriran-killian-black-fantomom-vl-xvii-10ml\/"},"modified":"2024-06-09T14:21:58","modified_gmt":"2024-06-09T12:21:58","slug":"premium-parfem-inspiriran-by-killian-black-phantom-vl-xvii-10ml","status":"publish","type":"product","link":"https:\/\/viksel.com\/hr\/proizvod\/premium-parfem-inspiriran-by-killian-black-phantom-vl-xvii-10ml\/","title":{"rendered":"Premium parfem inspiriran Killian Black Phantom &#8211; VL XVII &#8211; (10ml)"},"content":{"rendered":"<p>Parfem VL XVII luksuzan je i o\u010daravaju\u0107i miris koji plijeni osjetilima svojom slo\u017eenom i primamljivom mje\u0161avinom nota. Sofisticiranom i tajanstvenom kompozicijom ovaj miris odi\u0161e zrakom sofisticiranosti i senzualnosti.<\/p>\n<p>Gornje note ovog parfema su odva\u017ena i odva\u017ena kombinacija ruma i karamele, koje dodaju slatki i dekadentni dodir. Srce mirisa je mje\u0161avina bogate i rasko\u0161ne kave, badema i heliotropa, koji mirisu dodaju toplu i senzualnu dimenziju. Osnovne note mirisa su opojna mje\u0161avina vanilije, sandalovine i tonke, koje stvaraju zavodljivu i sofisticiranu stazu.<\/p>\n<p>Iako parfem VL XVII ima jedinstven i poseban karakter, sli\u010dnu esenciju dijeli i s luksuznim mirisom &#8220;Black Phantom&#8221; tvrtke Kilian. Oba mirisa izazivaju osje\u0107aj misterije i senzualnosti, ali Perfume VL XVII ima svoj jedinstveni \u0161arm i privla\u010dnost. Njegova dubina i slo\u017eenost \u010dine ga uistinu zadivljuju\u0107im mirisom, savr\u0161enim za one koji cijene finije stvari u \u017eivotu.<\/p>\n<p>&nbsp;<\/p>\n<p><strong>INCI sastojci \/ ingredients:<\/strong><\/p>\n<p>ALCOHOL DENAT., PARFUM, AQUA, ETHYLHEXYL METHOXYCINNAMATE, ETHYLHEXYL SALICYLATE, BUTYL METHOXYDIBENZOYLMETHANE, BHT, ANISE ALCOHOL*, ALPHA-ISOMETHYL IONONE*, COUMARIN*<br \/>\n* sastav parfema \/ ingredient of perfume<\/p>\n","protected":false},"excerpt":{"rendered":"<p><strong>Mra\u010dno, tajanstveno, zagonetno, primamljivo, zadivljuju\u0107e, zamamno, zavodljivo, hipnoti\u010dko, mo\u0107no, intenzivno.<\/strong><br \/>\nGornje note: bergamot, limun, mandarina, kardamom<br \/>\nNote srca: ru\u017ea, jasmin, ljubi\u010dica, mu\u0161katni ora\u0161\u010di\u0107<br \/>\nBazne note: amber, vanilija, pa\u010duli, sandalovina<\/p>\n","protected":false},"featured_media":12313,"template":"","meta":[],"product_cat":[1153],"product_tag":[],"class_list":{"0":"post-12312","1":"product","2":"type-product","3":"status-publish","4":"has-post-thumbnail","6":"product_cat-perfumes-sr-hr","8":"first","9":"instock","10":"shipping-taxable","11":"purchasable","12":"product-type-simple"},"bundled_by":[],"bundle_stock_status":"instock","bundle_stock_quantity":25,"bundle_virtual":false,"bundle_layout":"","bundle_add_to_cart_form_location":"","bundle_editable_in_cart":false,"bundle_sold_individually_context":"","bundle_item_grouping":"","bundle_min_size":"","bundle_max_size":"","bundled_items":[],"bundle_sell_ids":[],"_links":{"self":[{"href":"https:\/\/viksel.com\/hr\/wp-json\/wp\/v2\/product\/12312","targetHints":{"allow":["GET"]}}],"collection":[{"href":"https:\/\/viksel.com\/hr\/wp-json\/wp\/v2\/product"}],"about":[{"href":"https:\/\/viksel.com\/hr\/wp-json\/wp\/v2\/types\/product"}],"wp:featuredmedia":[{"embeddable":true,"href":"https:\/\/viksel.com\/hr\/wp-json\/wp\/v2\/media\/12313"}],"wp:attachment":[{"href":"https:\/\/viksel.com\/hr\/wp-json\/wp\/v2\/media?parent=12312"}],"wp:term":[{"taxonomy":"product_cat","embeddable":true,"href":"https:\/\/viksel.com\/hr\/wp-json\/wp\/v2\/product_cat?post=12312"},{"taxonomy":"product_tag","embeddable":true,"href":"https:\/\/viksel.com\/hr\/wp-json\/wp\/v2\/product_tag?post=12312"}],"curies":[{"name":"wp","href":"https:\/\/api.w.org\/{rel}","templated":true}]}}