{"id":12304,"date":"2023-03-07T23:55:23","date_gmt":"2023-03-07T21:55:23","guid":{"rendered":"https:\/\/viksel.com\/product\/premium-parfem-inspiriran-clive-christian-amberwood-vl-xxi-10ml\/"},"modified":"2024-06-04T14:07:23","modified_gmt":"2024-06-04T12:07:23","slug":"premium-parfem-inspiriran-by-clive-christian-amberwood-vl-xxi-10ml","status":"publish","type":"product","link":"https:\/\/viksel.com\/hr\/proizvod\/premium-parfem-inspiriran-by-clive-christian-amberwood-vl-xxi-10ml\/","title":{"rendered":"Premium parfem inspiriran Clive Christian Amberwood \u2013 VL XXI \u2013 (10ml)"},"content":{"rendered":"<p>Parfem VL XXI je luksuzan i bogat miris koji odi\u0161e sofisticirano\u0161\u0107u i elegancijom. Sa svojim izrazitim drvenastim i toplim notama, ovaj miris je savr\u0161en za modernog i elegantnog mu\u0161karca ili \u017eenu koji \u017eele ostaviti trajan dojam. Njegova jedinstvena mje\u0161avina gornjih nota bergamota, kardamoma i limuna, sa srednjim notama jasmina, ylang-ylanga i karanfila, te baznim notama ambera, vanilije i mo\u0161usa, stvara zadivljuju\u0107u aromu koja se zadr\u017eava tijekom dana.<\/p>\n<p>Iako ima sli\u010dan miris kao &#8220;Amberwood&#8221; Clivea Christiana, Perfume VL XXI je jedinstven i individualan miris koji stoji sam od sebe. Ovaj parfem savr\u0161en je za one koji cijene kvalitetne i luksuzne mirise, a \u017eele se osje\u0107ati samouvjereno i sofisticirano. Sa svojom dugotrajnom formulom i zadivljuju\u0107im mirisom, Perfume VL XXI savr\u0161en je izbor za svaku prigodu, bilo da se radi o no\u0107nom izlasku u grad ili posebnom doga\u0111aju. Stoga se prepustite vrhunskom luksuznom iskustvu uz Perfume VL XXI, i u\u017eivajte u njegovom izvrsnom i zadivljuju\u0107em mirisu.<\/p>\n<p>&nbsp;<\/p>\n<p><strong>INCI sastojci \/ ingredients:<\/strong><\/p>\n<p>ALCOHOL DENAT., PARFUM, AQUA, ETHYLHEXYL METHOXYCINNAMATE, ETHYLHEXYL SALICYLATE, BUTYL METHOXYDIBENZOYLMETHANE, BHT, ANISE ALCOHOL*, CITRAL*, COUMARIN*, LIMONENE*, LINALOOL*<br \/>\n* sastav parfema \/ ingredient of perfume<\/p>\n","protected":false},"excerpt":{"rendered":"<p><strong>Toplo, bogato, slatko, egzoti\u010dno, luksuzno, senzualno, primamljivo.<\/strong><br \/>\nGornje note: bergamot, limun, naran\u010da, mandarina, kardamom<br \/>\nNote srca: Ru\u017ea, Jasmin, Ylang Ylang, Klin\u010di\u0107, Mu\u0161katni ora\u0161\u010di\u0107<br \/>\nOsnovne note: amberwood, sandalovina, cedarwood, mo\u0161us, vanilija<\/p>\n","protected":false},"featured_media":12305,"template":"","meta":[],"product_cat":[1153],"product_tag":[],"class_list":{"0":"post-12304","1":"product","2":"type-product","3":"status-publish","4":"has-post-thumbnail","6":"product_cat-perfumes-sr-hr","8":"first","9":"instock","10":"sale","11":"shipping-taxable","12":"purchasable","13":"product-type-simple"},"bundled_by":[],"bundle_stock_status":"instock","bundle_stock_quantity":41,"bundle_virtual":false,"bundle_layout":"","bundle_add_to_cart_form_location":"","bundle_editable_in_cart":false,"bundle_sold_individually_context":"","bundle_item_grouping":"","bundle_min_size":"","bundle_max_size":"","bundled_items":[],"bundle_sell_ids":[],"_links":{"self":[{"href":"https:\/\/viksel.com\/hr\/wp-json\/wp\/v2\/product\/12304","targetHints":{"allow":["GET"]}}],"collection":[{"href":"https:\/\/viksel.com\/hr\/wp-json\/wp\/v2\/product"}],"about":[{"href":"https:\/\/viksel.com\/hr\/wp-json\/wp\/v2\/types\/product"}],"wp:featuredmedia":[{"embeddable":true,"href":"https:\/\/viksel.com\/hr\/wp-json\/wp\/v2\/media\/12305"}],"wp:attachment":[{"href":"https:\/\/viksel.com\/hr\/wp-json\/wp\/v2\/media?parent=12304"}],"wp:term":[{"taxonomy":"product_cat","embeddable":true,"href":"https:\/\/viksel.com\/hr\/wp-json\/wp\/v2\/product_cat?post=12304"},{"taxonomy":"product_tag","embeddable":true,"href":"https:\/\/viksel.com\/hr\/wp-json\/wp\/v2\/product_tag?post=12304"}],"curies":[{"name":"wp","href":"https:\/\/api.w.org\/{rel}","templated":true}]}}