{"id":12302,"date":"2023-02-01T13:02:27","date_gmt":"2023-02-01T11:02:27","guid":{"rendered":"https:\/\/viksel.com\/product\/parfem-inspiriran-tom-ford-grey-vetiverom-vl-xiii-100-ml\/"},"modified":"2024-01-06T12:21:32","modified_gmt":"2024-01-06T10:21:32","slug":"parfem-inspiriran-by-tom-ford-grey-vetiver-vl-xiii-100-ml","status":"publish","type":"product","link":"https:\/\/viksel.com\/hr\/proizvod\/parfem-inspiriran-by-tom-ford-grey-vetiver-vl-xiii-100-ml\/","title":{"rendered":"Parfem inspiriran Tom Ford Grey Vetiverom &#8211; VL XIII &#8211; (100 ml)"},"content":{"rendered":"<p>Parfem VL XIII je luksuzan miris profinjene i sofisticirane arome koji \u0107e zasigurno ostaviti trajan dojam. Uz posve\u0107ene mirisne note osvje\u017eavaju\u0107ih citrusa, toplih za\u010dina i drvenastih podtonova, ovaj parfem odi\u0161e osje\u0107ajem elegancije i \u0161arma.<\/p>\n<p>Gornje note parfema VL XIII su spoj zesty limuna i bergamota, koji daju osvje\u017eavaju\u0107i i citrusni otvor mirisu. Note srca sastoje se od aromati\u010dnih za\u010dina poput mu\u0161katnog ora\u0161\u010di\u0107a i korijandera, dodaju\u0107i mirisu da\u0161ak topline i slo\u017eenosti. Bazne note su mje\u0161avina drvenastih i zemljanih tonova poput kedrovine, vetivera i mo\u0161usa, koji mirisu daju dubinu i dugovje\u010dnost.<\/p>\n<p>Vrijedi spomenuti da parfem VL XIII ima isti miris kao i popularni Tom Ford &#8220;Grey Vetiver&#8221; miris, \u0161to ga \u010dini izvrsnom alternativom za one koji vole ovaj klasi\u010dni miris.<\/p>\n<p>Sve u svemu, Perfume VL XIII je sofisticiran i profinjen miris koji je savr\u0161en za svaku prigodu. Izvrstan je dodatak svakoj kolekciji mirisa i zasigurno \u0107e postati glavna namirnica u va\u0161oj parfemskoj rutini.<\/p>\n<p>&nbsp;<\/p>\n<p><strong>INCI sastojci \/ ingredients:<\/strong><\/p>\n<p>ALCOHOL DENAT., PARFUM, AQUA, ETHYLHEXYL METHOXYCINNAMATE, ETHYLHEXYL SALICYLATE, BUTYL METHOXYDIBENZOYLMETHANE, BHT, ANISE ALCOHOL*,ALPHA-ISOMETHYL IONONE*, CITRAL*, COUMARIN*, EUGENOL*, GERANIOL*, ISOEUGENOL*, LIMONENE*, LINALOOL*<br \/>\n* sastav parfema \/ ingredient of perfume<\/p>\n","protected":false},"excerpt":{"rendered":"<p><strong>Profinjen, sofisticiran, luksuzan, privla\u010dan, senzualan, bogat, zemljan, mu\u017eevan.<\/strong><br \/>\nGornje note: grejp, bergamot, naran\u010da<br \/>\nNote srca: mu\u0161katni ora\u0161\u010di\u0107, Orris, Vetiver<br \/>\nBazne note: Hrast, Jantar, Cedarwood<\/p>\n","protected":false},"featured_media":12303,"template":"","meta":[],"product_cat":[1153],"product_tag":[],"class_list":{"0":"post-12302","1":"product","2":"type-product","3":"status-publish","4":"has-post-thumbnail","6":"product_cat-perfumes-sr-hr","8":"first","9":"instock","10":"shipping-taxable","11":"purchasable","12":"product-type-simple"},"bundled_by":[],"bundle_stock_status":"instock","bundle_stock_quantity":25,"bundle_virtual":false,"bundle_layout":"","bundle_add_to_cart_form_location":"","bundle_editable_in_cart":false,"bundle_sold_individually_context":"","bundle_item_grouping":"","bundle_min_size":"","bundle_max_size":"","bundled_items":[],"bundle_sell_ids":[],"_links":{"self":[{"href":"https:\/\/viksel.com\/hr\/wp-json\/wp\/v2\/product\/12302","targetHints":{"allow":["GET"]}}],"collection":[{"href":"https:\/\/viksel.com\/hr\/wp-json\/wp\/v2\/product"}],"about":[{"href":"https:\/\/viksel.com\/hr\/wp-json\/wp\/v2\/types\/product"}],"wp:featuredmedia":[{"embeddable":true,"href":"https:\/\/viksel.com\/hr\/wp-json\/wp\/v2\/media\/12303"}],"wp:attachment":[{"href":"https:\/\/viksel.com\/hr\/wp-json\/wp\/v2\/media?parent=12302"}],"wp:term":[{"taxonomy":"product_cat","embeddable":true,"href":"https:\/\/viksel.com\/hr\/wp-json\/wp\/v2\/product_cat?post=12302"},{"taxonomy":"product_tag","embeddable":true,"href":"https:\/\/viksel.com\/hr\/wp-json\/wp\/v2\/product_tag?post=12302"}],"curies":[{"name":"wp","href":"https:\/\/api.w.org\/{rel}","templated":true}]}}