{"id":12257,"date":"2023-03-08T00:00:41","date_gmt":"2023-03-07T22:00:41","guid":{"rendered":"https:\/\/viksel.com\/product\/parfem-inspiriran-louis-vuitton-turbulencijama-vl-xxii-10ml\/"},"modified":"2023-09-21T15:38:32","modified_gmt":"2023-09-21T13:38:32","slug":"parfem-inspiriran-by-louis-vuitton-turbulences-vl-xxii-10ml","status":"publish","type":"product","link":"https:\/\/viksel.com\/hr\/proizvod\/parfem-inspiriran-by-louis-vuitton-turbulences-vl-xxii-10ml\/","title":{"rendered":"Parfem inspiriran Louis Vuitton Tourbulence \u2013 VL XXII \u2013 (10ml)"},"content":{"rendered":"<p>Parfem VL XXII je luksuzan miris koji odi\u0161e sofisticirano\u0161\u0107u i elegancijom. Njegova jedinstvena mje\u0161avina visokokvalitetnih sastojaka stvara neodoljivu aromu koja je istovremeno zadivljuju\u0107a i senzualna.<\/p>\n<p>Ovaj miris podsje\u0107a na poznati Louis Vuitton &#8220;Tourbulence&#8221; miris, ali Perfume VL XXII isti\u010de se svojim prepoznatljivim identitetom. To je parfem koji prihva\u0107a individualnost i poti\u010de samoizra\u017eavanje, omogu\u0107uju\u0107i vam da date izjavu sa svakim \u0161pricom.<\/p>\n<p>Izra\u0111en od strane majstora parfumera, ovaj miris utjelovljuje bit luksuza, podi\u017eu\u0107i va\u0161a osjetila svakom notom. Gornje note bergamota, limuna i crnog ribiza stvaraju osna\u017euju\u0107i prasak svje\u017eine, dok sr\u010dane note jasmina, ylang-ylanga i ru\u017ee pru\u017eaju slatku i romanti\u010dnu aromu. Bazne note vanilije, mo\u0161usa i pa\u010dulija stvaraju toplu i privla\u010dnu zavr\u0161nu obradu koja se zadr\u017eava na va\u0161oj ko\u017ei.<\/p>\n<p>Ako tra\u017eite miris koji je istovremeno glamurozan i jedinstven, Perfume VL XXII je savr\u0161en izbor. Njegov primamljiv miris ostavit \u0107e vas da se osje\u0107ate samouvjereno i neodoljivo, dok njegov tajanstveni identitet dodaje element intrige va\u0161oj auri.<\/p>\n<p><strong>INCI sastojci \/ ingredients: <\/strong><\/p>\n<p>ALCOHOL DENAT., PARFUM, AQUA, ETHYLHEXYL METHOXYCINNAMATE, ETHYLHEXYL SALICYLATE, BUTYL METHOXYDIBENZOYLMETHANE, BHT, ANISE ALCOHOL*, BENZOIC ACID, ALPHA-ISOMETHYL IONONE*, BENZYL ALCOHOL*, BENZYL BENZOATE*, BENZYL SALICYLATE*, CITRAL*, CITRONELLOL*, EUGENOL*, GERANIOL*, HYDROXYCITRONELLAL*, ISOEUGENOL*, LINALOOL*<br \/>\n* sastav parfema \/ ingredient of perfume<\/p>\n","protected":false},"excerpt":{"rendered":"<p><strong>Luksuzno, sofisticirano, bezvremensko<\/strong><br \/>\nGornje note: bergamot, mandarina, ru\u017ei\u010dasti papar<br \/>\nNote srca: Ru\u017ea, Jasmine, Violet<br \/>\nBazne note: Patchouli, Vanilija, Mo\u0161us<\/p>\n","protected":false},"featured_media":12258,"template":"","meta":[],"product_cat":[1153],"product_tag":[],"class_list":{"0":"post-12257","1":"product","2":"type-product","3":"status-publish","4":"has-post-thumbnail","6":"product_cat-perfumes-sr-hr","8":"first","9":"instock","10":"shipping-taxable","11":"purchasable","12":"product-type-simple"},"bundled_by":[],"bundle_stock_status":"instock","bundle_stock_quantity":25,"bundle_virtual":false,"bundle_layout":"","bundle_add_to_cart_form_location":"","bundle_editable_in_cart":false,"bundle_sold_individually_context":"","bundle_item_grouping":"","bundle_min_size":"","bundle_max_size":"","bundled_items":[],"bundle_sell_ids":[],"_links":{"self":[{"href":"https:\/\/viksel.com\/hr\/wp-json\/wp\/v2\/product\/12257","targetHints":{"allow":["GET"]}}],"collection":[{"href":"https:\/\/viksel.com\/hr\/wp-json\/wp\/v2\/product"}],"about":[{"href":"https:\/\/viksel.com\/hr\/wp-json\/wp\/v2\/types\/product"}],"wp:featuredmedia":[{"embeddable":true,"href":"https:\/\/viksel.com\/hr\/wp-json\/wp\/v2\/media\/12258"}],"wp:attachment":[{"href":"https:\/\/viksel.com\/hr\/wp-json\/wp\/v2\/media?parent=12257"}],"wp:term":[{"taxonomy":"product_cat","embeddable":true,"href":"https:\/\/viksel.com\/hr\/wp-json\/wp\/v2\/product_cat?post=12257"},{"taxonomy":"product_tag","embeddable":true,"href":"https:\/\/viksel.com\/hr\/wp-json\/wp\/v2\/product_tag?post=12257"}],"curies":[{"name":"wp","href":"https:\/\/api.w.org\/{rel}","templated":true}]}}