{"id":12253,"date":"2023-03-08T00:08:09","date_gmt":"2023-03-07T22:08:09","guid":{"rendered":"https:\/\/viksel.com\/product\/parfem-inspiriran-le-labo-bergamote-22-vl-xxiv-10ml\/"},"modified":"2023-09-21T15:38:21","modified_gmt":"2023-09-21T13:38:21","slug":"parfem-inspiriran-by-le-labo-bergamote-22-vl-xxiv-10ml","status":"publish","type":"product","link":"https:\/\/viksel.com\/hr\/proizvod\/parfem-inspiriran-by-le-labo-bergamote-22-vl-xxiv-10ml\/","title":{"rendered":"Parfem inspiriran Le Labo Bergamote 22 \u2013 VL XXIV \u2013 (10ml)"},"content":{"rendered":"<p>Parfem VL XXIV ima \u017eivahan i uzdi\u017eu\u0107i miris koji zahva\u0107a esenciju sun\u010danog dana u mediteranskom citrusnom \u0161umarku. Gornjim notama tangy bergamota i so\u010dnog grejpa izaziva osje\u0107aj svje\u017eine i energije. Srce mirisa je spoj slatkog ambera i cvjetnog petitgraina, koji mirisu dodaju dubinu i slo\u017eenost. Kona\u010dno, bazne note mo\u0161usa i vetivera daju suptilnu zemljanost koja usidri miris i \u010dini ga trajnim.<\/p>\n<p>Va\u017eno je napomenuti da Perfume VL XXIV dijeli mnoge sli\u010dnosti s Le Labovim &#8220;Bergamot 22&#8221;, kultnim klasi\u010dnim mirisom koji ima vjernu sljedbu. Oba mirisa imaju iste svijetle i citrusne gornje note, kao i tople i mo\u0161usne note koje su karakteristi\u010dne za Le Labo mirise. Ljubitelji &#8220;Bergamota 22&#8221; zasigurno \u0107e cijeniti \u017eivopisan i sofisticiran miris parfema VL XXIV.<\/p>\n<p>&nbsp;<\/p>\n<p><strong>INCI sastojci \/ ingredients:<\/strong><\/p>\n<p>ALCOHOL DENAT., PARFUM, AQUA, ETHYLHEXYL METHOXYCINNAMATE, ETHYLHEXYL SALICYLATE, BUTYL METHOXYDIBENZOYLMETHANE, BHT, ANISE ALCOHOL*, CITRAL*, CITRONELLOL*, GERANIOL*, ISOEUGENOL*, LIMONENE*, LINALOOL*<br \/>\n* sastav parfema \/ ingredient of perfume<\/p>\n","protected":false},"excerpt":{"rendered":"<p><strong>Uzvi\u0161eno, izvrsno, nje\u017eno, profinjeno, luksuzno, senzualno, primamljivo, o\u010daravaju\u0107e.<\/strong><br \/>\nGornje note: bergamot, limun, petitgrain<br \/>\nNote srca: Geranium, Rose, Jasmine<br \/>\nBazne napomene: Vetiver, Cedarwood, Mo\u0161us<\/p>\n","protected":false},"featured_media":12254,"template":"","meta":[],"product_cat":[1153],"product_tag":[],"class_list":{"0":"post-12253","1":"product","2":"type-product","3":"status-publish","4":"has-post-thumbnail","6":"product_cat-perfumes-sr-hr","8":"first","9":"instock","10":"shipping-taxable","11":"purchasable","12":"product-type-simple"},"bundled_by":[],"bundle_stock_status":"instock","bundle_stock_quantity":25,"bundle_virtual":false,"bundle_layout":"","bundle_add_to_cart_form_location":"","bundle_editable_in_cart":false,"bundle_sold_individually_context":"","bundle_item_grouping":"","bundle_min_size":"","bundle_max_size":"","bundled_items":[],"bundle_sell_ids":[],"_links":{"self":[{"href":"https:\/\/viksel.com\/hr\/wp-json\/wp\/v2\/product\/12253","targetHints":{"allow":["GET"]}}],"collection":[{"href":"https:\/\/viksel.com\/hr\/wp-json\/wp\/v2\/product"}],"about":[{"href":"https:\/\/viksel.com\/hr\/wp-json\/wp\/v2\/types\/product"}],"wp:featuredmedia":[{"embeddable":true,"href":"https:\/\/viksel.com\/hr\/wp-json\/wp\/v2\/media\/12254"}],"wp:attachment":[{"href":"https:\/\/viksel.com\/hr\/wp-json\/wp\/v2\/media?parent=12253"}],"wp:term":[{"taxonomy":"product_cat","embeddable":true,"href":"https:\/\/viksel.com\/hr\/wp-json\/wp\/v2\/product_cat?post=12253"},{"taxonomy":"product_tag","embeddable":true,"href":"https:\/\/viksel.com\/hr\/wp-json\/wp\/v2\/product_tag?post=12253"}],"curies":[{"name":"wp","href":"https:\/\/api.w.org\/{rel}","templated":true}]}}