{"id":12248,"date":"2023-03-08T00:15:03","date_gmt":"2023-03-07T22:15:03","guid":{"rendered":"https:\/\/viksel.com\/product\/premium-parfem-inspiriran-clive-christian-blonde-amberom-vl-xxvi-10ml\/"},"modified":"2024-04-14T17:04:18","modified_gmt":"2024-04-14T15:04:18","slug":"premium-parfem-inspiriran-by-clive-christian-blonde-amber-vl-xxvi-10ml","status":"publish","type":"product","link":"https:\/\/viksel.com\/hr\/proizvod\/premium-parfem-inspiriran-by-clive-christian-blonde-amber-vl-xxvi-10ml\/","title":{"rendered":"Premium parfem inspiriran Clive Christian Blonde amberom \u2013 VL XXVI \u2013 (10ml)"},"content":{"rendered":"<p>Parfem VL XXVI ima zadivljuju\u0107i i zavodljiv miris koji utjelovljuje bit sofisticiranosti i luksuza. Otvara se pjenu\u0161avim notama bergamota, mandarine i limuna, koje se neprimjetno stapaju s toplim i utje\u0161nim srcem ambera, vanilije i tonke. Baza je slo\u017eena i primamljiva mje\u0161avina mo\u0161usa, sandalovine i pa\u010dulija koja se zadr\u017eava na ko\u017ei, ostavljaju\u0107i trag senzualnosti i elegancije.<\/p>\n<p>Ovaj miris podsje\u0107a na bezvremenski klasik Clive Christian &#8220;Blond Amber&#8221;, koji je tako\u0111er poznat po bogatim i luksuznim notama ambera i vanilije. Me\u0111utim, iako su mirisi sli\u010dni, Perfume VL XXVI dodaje jedinstveni zaokret svojim svijetlim citrusnim otvorom i suptilnim drvenim notama u bazi, \u0161to ga \u010dini prepoznatljivim i neodoljivim mirisom. Ako ste ljubitelj Clive Christiana &#8220;Blond Amber&#8221;, svidjet \u0107e vam se sparna privla\u010dnost parfema VL XXVI.<\/p>\n<p>&nbsp;<\/p>\n<p><strong>INCI sastojci \/ ingredients:<\/strong><\/p>\n<p>ALCOHOL DENAT., PARFUM, AQUA, ETHYLHEXYL METHOXYCINNAMATE, ETHYLHEXYL SALICYLATE, BUTYL METHOXYDIBENZOYLMETHANE, BHT, ANISE ALCOHOL*, BENZYL BENZOATE*, BENZYL CINNAMATE*, CINNAMAL*, CITRAL*, COUMARIN*, EUGENOL*, GERANIOL*, LIMONENE*, LINALOOL*<br \/>\n* sastav parfema \/ ingredient of perfume<\/p>\n","protected":false},"excerpt":{"rendered":"<p><strong>Uzvi\u0161ena, svijetla, zadivljuju\u0107a, primamljiva, blistava, zlatna, medena, topla, primamljiva, zavodljiva.<\/strong><br \/>\nGornje note: bergamot, limun, naran\u010da, mandarina, kardamom<br \/>\nNote srca: jasmin, ru\u017ea, ylang ylang, klin\u010di\u0107, cimet<br \/>\nBazne note: sandalovina, amber, vanilija, mo\u0161us, pa\u010duli<\/p>\n","protected":false},"featured_media":12249,"template":"","meta":[],"product_cat":[1153],"product_tag":[],"class_list":{"0":"post-12248","1":"product","2":"type-product","3":"status-publish","4":"has-post-thumbnail","6":"product_cat-perfumes-sr-hr","8":"first","9":"instock","10":"shipping-taxable","11":"purchasable","12":"product-type-simple"},"bundled_by":[],"bundle_stock_status":"instock","bundle_stock_quantity":25,"bundle_virtual":false,"bundle_layout":"","bundle_add_to_cart_form_location":"","bundle_editable_in_cart":false,"bundle_sold_individually_context":"","bundle_item_grouping":"","bundle_min_size":"","bundle_max_size":"","bundled_items":[],"bundle_sell_ids":[],"_links":{"self":[{"href":"https:\/\/viksel.com\/hr\/wp-json\/wp\/v2\/product\/12248","targetHints":{"allow":["GET"]}}],"collection":[{"href":"https:\/\/viksel.com\/hr\/wp-json\/wp\/v2\/product"}],"about":[{"href":"https:\/\/viksel.com\/hr\/wp-json\/wp\/v2\/types\/product"}],"wp:featuredmedia":[{"embeddable":true,"href":"https:\/\/viksel.com\/hr\/wp-json\/wp\/v2\/media\/12249"}],"wp:attachment":[{"href":"https:\/\/viksel.com\/hr\/wp-json\/wp\/v2\/media?parent=12248"}],"wp:term":[{"taxonomy":"product_cat","embeddable":true,"href":"https:\/\/viksel.com\/hr\/wp-json\/wp\/v2\/product_cat?post=12248"},{"taxonomy":"product_tag","embeddable":true,"href":"https:\/\/viksel.com\/hr\/wp-json\/wp\/v2\/product_tag?post=12248"}],"curies":[{"name":"wp","href":"https:\/\/api.w.org\/{rel}","templated":true}]}}