{"id":12220,"date":"2023-01-31T23:35:33","date_gmt":"2023-01-31T21:35:33","guid":{"rendered":"https:\/\/viksel.com\/product\/premium-parfem-inspiriran-serge-lutens-cannibale-vl-xii-100ml\/"},"modified":"2023-12-25T16:07:49","modified_gmt":"2023-12-25T14:07:49","slug":"premium-parfem-inspiriran-by-serge-lutens-cannibale-vl-xii-100ml","status":"publish","type":"product","link":"https:\/\/viksel.com\/hr\/proizvod\/premium-parfem-inspiriran-by-serge-lutens-cannibale-vl-xii-100ml\/","title":{"rendered":"Premium parfem inspiriran Serge Lutens Cannibale &#8211; VL XII &#8211; (100ml)"},"content":{"rendered":"<p>Parfem VL XII je luksuzan i zadivljuju\u0107i miris koji \u0107e vas ostaviti samouvjerenim i sofisticiranim. Sa svojom jedinstvenom mje\u0161avinom aromati\u010dnih sastojaka, ovaj parfem je savr\u0161en izbor za svaku prigodu.<\/p>\n<p>Gornje note bergamota i mandarine stvaraju osvje\u017eavaju\u0107u i okrepljuju\u0107u aromu koja \u0107e probuditi va\u0161a osjetila. Sr\u010dane note jasmina i ylang-ylanga unose suptilan cvjetni dodir mirisu, dok bazne note sandalovine i mo\u0161usa pru\u017eaju topao i senzualan zavr\u0161etak.<\/p>\n<p>Posebno, Parfem VL XII ima isti miris kao Serge Lutens &#8220;Cannibale&#8221;, popularan i vrlo po\u017eeljan miris. Dakle, ako ste ljubitelj Cannibalea, mo\u017eete se prepustiti istom luksuznom mirisu uz Perfume VL XII.<\/p>\n<p>Izra\u0111en od najfinijih sastojaka, ovaj parfem je dugotrajan i pru\u017ea izrazit i zadivljuju\u0107i miris koji \u0107e vas istaknuti u gomili. Stoga se prepustite luksuznom i primamljivom mirisu parfema VL XII danas i ostavite trajan dojam kamo god krenuli.<\/p>\n<p>&nbsp;<\/p>\n<p><strong>INCI sastojci \/ ingredients: <\/strong><\/p>\n<p>ALCOHOL DENAT., PARFUM, AQUA, ETHYLHEXYL METHOXYCINNAMATE, ETHYLHEXYL SALICYLATE, BUTYL METHOXYDIBENZOYLMETHANE, BHT, ANISE ALCOHOL*, ALPHA-ISOMETHYL IONONE*, COUMARIN*, BENZYL ALCOHOL*, LINALOOL*, CITRAL*, GERANIOL*, ISOEUGENOL*<br \/>\n* sastav parfema \/ ingredient of perfume<\/p>\n","protected":false},"excerpt":{"rendered":"<p><strong>Egzoti\u010dno, tajanstveno, primamljivo, zavodljivo, opojno, zadivljuju\u0107e, senzualno, divlje, intrigantno, provokativno.<\/strong><br \/>\nGornje note: bergamot, kardamom, klin\u010di\u0107<br \/>\nNote srca: cimet, mu\u0161katni ora\u0161\u010di\u0107, pa\u010duli<br \/>\nOsnovne note: sandalovina, vanilija, jantar<\/p>\n","protected":false},"featured_media":12221,"template":"","meta":[],"product_cat":[1153],"product_tag":[],"class_list":{"0":"post-12220","1":"product","2":"type-product","3":"status-publish","4":"has-post-thumbnail","6":"product_cat-perfumes-sr-hr","8":"first","9":"instock","10":"shipping-taxable","11":"purchasable","12":"product-type-simple"},"bundled_by":[],"bundle_stock_status":"instock","bundle_stock_quantity":25,"bundle_virtual":false,"bundle_layout":"","bundle_add_to_cart_form_location":"","bundle_editable_in_cart":false,"bundle_sold_individually_context":"","bundle_item_grouping":"","bundle_min_size":"","bundle_max_size":"","bundled_items":[],"bundle_sell_ids":[],"_links":{"self":[{"href":"https:\/\/viksel.com\/hr\/wp-json\/wp\/v2\/product\/12220","targetHints":{"allow":["GET"]}}],"collection":[{"href":"https:\/\/viksel.com\/hr\/wp-json\/wp\/v2\/product"}],"about":[{"href":"https:\/\/viksel.com\/hr\/wp-json\/wp\/v2\/types\/product"}],"wp:featuredmedia":[{"embeddable":true,"href":"https:\/\/viksel.com\/hr\/wp-json\/wp\/v2\/media\/12221"}],"wp:attachment":[{"href":"https:\/\/viksel.com\/hr\/wp-json\/wp\/v2\/media?parent=12220"}],"wp:term":[{"taxonomy":"product_cat","embeddable":true,"href":"https:\/\/viksel.com\/hr\/wp-json\/wp\/v2\/product_cat?post=12220"},{"taxonomy":"product_tag","embeddable":true,"href":"https:\/\/viksel.com\/hr\/wp-json\/wp\/v2\/product_tag?post=12220"}],"curies":[{"name":"wp","href":"https:\/\/api.w.org\/{rel}","templated":true}]}}