{"id":12210,"date":"2023-03-07T23:36:27","date_gmt":"2023-03-07T21:36:27","guid":{"rendered":"https:\/\/viksel.com\/product\/parfem-inspiriran-nasomatto-black-afgano-vl-xvi-10ml\/"},"modified":"2023-12-06T10:25:17","modified_gmt":"2023-12-06T08:25:17","slug":"parfem-inspiriran-by-nasomatto-black-afgano-vl-xvi-10ml","status":"publish","type":"product","link":"https:\/\/viksel.com\/hr\/proizvod\/parfem-inspiriran-by-nasomatto-black-afgano-vl-xvi-10ml\/","title":{"rendered":"Parfem inspiriran Nasomatto Black Afgano &#8211; VL XVI &#8211; (10ml)"},"content":{"rendered":"<p>Parfem VL XVI je zapanjuju\u0107i miris koji ima isti primamljiv miris kao i Nasomattov poznati miris &#8220;Black Afgano&#8221;. Ovaj luksuzni parfem odi\u0161e zemljanom, drvenastom aromom koja je istovremeno odva\u017ena i tajanstvena, \u0161to ga \u010dini savr\u0161enim mirisom za one koji \u017eele dati izjavu.<\/p>\n<p>U sredi\u0161tu ovog mirisa je nepogre\u0161iv miris ha\u0161i\u0161a, koji stvara duboku i opojnu aromu koja je istovremeno egzoti\u010dna i zavodljiva. U visokim notama mirisa nalaze se note kave, duhana i ouda, koje se neprimjetno stapaju kako bi stvorile topao i privla\u010dan miris koji je istovremeno bogat i slo\u017een.<\/p>\n<p>Kako se miris talo\u017ei, otkriva srce pa\u010dulija i kedrovine, koji mirisu dodaju da\u0161ak zemljanosti, dok bazne note tamjana, ambera i mo\u0161usa dodaju senzualni i mo\u0161usni podton mirisu.<\/p>\n<p>Sve u svemu, Perfume VL XVI je uistinu izvanredan miris koji \u0107e zasigurno okrenuti glavu i ostaviti trajan dojam. Njegova odva\u017ena i tajanstvena aroma savr\u0161ena je za one koji \u017eele dati izjavu, dok njezini luksuzni sastojci osiguravaju da je miris najvi\u0161e kvalitete.<\/p>\n<p>&nbsp;<\/p>\n<p><strong>INCI sastojci \/ ingredients: <\/strong><\/p>\n<p>ALCOHOL DENAT., PARFUM, AQUA, ETHYLHEXYL METHOXYCINNAMATE, ETHYLHEXYL SALICYLATE, BUTYL METHOXYDIBENZOYLMETHANE, BHT, ANISE ALCOHOL*, ISOEUGENOL*<br \/>\n* sastav parfema \/ ingredient of perfume<\/p>\n","protected":false},"excerpt":{"rendered":"<p><strong>bogata, egzoti\u010dna, opojna, tajanstvena, primamljiva, senzualna, rasko\u0161na, luksuzna<\/strong><br \/>\nGornje note: bergamot, limun, lavanda<br \/>\nNote srca: opoponax, kava, duhan<br \/>\nOsnovne note: Cedarwood, Sandalovina, Bijeli mo\u0161us<\/p>\n","protected":false},"featured_media":12211,"template":"","meta":[],"product_cat":[1153],"product_tag":[],"class_list":{"0":"post-12210","1":"product","2":"type-product","3":"status-publish","4":"has-post-thumbnail","6":"product_cat-perfumes-sr-hr","8":"first","9":"instock","10":"shipping-taxable","11":"purchasable","12":"product-type-simple"},"bundled_by":[],"bundle_stock_status":"instock","bundle_stock_quantity":25,"bundle_virtual":false,"bundle_layout":"","bundle_add_to_cart_form_location":"","bundle_editable_in_cart":false,"bundle_sold_individually_context":"","bundle_item_grouping":"","bundle_min_size":"","bundle_max_size":"","bundled_items":[],"bundle_sell_ids":[],"_links":{"self":[{"href":"https:\/\/viksel.com\/hr\/wp-json\/wp\/v2\/product\/12210","targetHints":{"allow":["GET"]}}],"collection":[{"href":"https:\/\/viksel.com\/hr\/wp-json\/wp\/v2\/product"}],"about":[{"href":"https:\/\/viksel.com\/hr\/wp-json\/wp\/v2\/types\/product"}],"wp:featuredmedia":[{"embeddable":true,"href":"https:\/\/viksel.com\/hr\/wp-json\/wp\/v2\/media\/12211"}],"wp:attachment":[{"href":"https:\/\/viksel.com\/hr\/wp-json\/wp\/v2\/media?parent=12210"}],"wp:term":[{"taxonomy":"product_cat","embeddable":true,"href":"https:\/\/viksel.com\/hr\/wp-json\/wp\/v2\/product_cat?post=12210"},{"taxonomy":"product_tag","embeddable":true,"href":"https:\/\/viksel.com\/hr\/wp-json\/wp\/v2\/product_tag?post=12210"}],"curies":[{"name":"wp","href":"https:\/\/api.w.org\/{rel}","templated":true}]}}